{"id":436,"date":"2018-08-15T12:17:39","date_gmt":"2018-08-15T12:17:39","guid":{"rendered":"https:\/\/motorcentralen.se\/lastbilar\/?page_id=436"},"modified":"2023-10-27T07:07:18","modified_gmt":"2023-10-27T07:07:18","slug":"serviceavtal","status":"publish","type":"page","link":"https:\/\/motorcentralen.se\/scania\/service-tjanster\/serviceavtal\/","title":{"rendered":"Serviceavtal"},"content":{"rendered":"\t\t<div data-elementor-type=\"wp-page\" data-elementor-id=\"436\" class=\"elementor elementor-436\" data-elementor-post-type=\"page\">\n\t\t\t\t<div class=\"elementor-element elementor-element-3ac79f76 e-flex e-con-boxed e-con e-parent\" data-id=\"3ac79f76\" data-element_type=\"container\" data-e-type=\"container\">\n\t\t\t\t\t<div class=\"e-con-inner\">\n\t\t<div class=\"elementor-element elementor-element-79bba0d3 e-con-full e-flex e-con e-child\" data-id=\"79bba0d3\" data-element_type=\"container\" data-e-type=\"container\">\n\t\t\t\t<div class=\"elementor-element elementor-element-62e3f89b elementor-widget elementor-widget-image\" data-id=\"62e3f89b\" data-element_type=\"widget\" data-e-type=\"widget\" data-widget_type=\"image.default\">\n\t\t\t\t<div class=\"elementor-widget-container\">\n\t\t\t\t\t\t\t\t\t\t\t\t\t\t\t<img fetchpriority=\"high\" decoding=\"async\" width=\"1024\" height=\"731\" src=\"https:\/\/motorcentralen.se\/scania\/wp-content\/uploads\/sites\/3\/2018\/08\/b21822387acf66f1a3ae09d9312c6c97dee3672c-1024x731.jpg\" class=\"attachment-large size-large wp-image-405\" alt=\"Scania\" srcset=\"https:\/\/motorcentralen.se\/scania\/wp-content\/uploads\/sites\/3\/2018\/08\/b21822387acf66f1a3ae09d9312c6c97dee3672c-1024x731.jpg 1024w, https:\/\/motorcentralen.se\/scania\/wp-content\/uploads\/sites\/3\/2018\/08\/b21822387acf66f1a3ae09d9312c6c97dee3672c-300x214.jpg 300w, https:\/\/motorcentralen.se\/scania\/wp-content\/uploads\/sites\/3\/2018\/08\/b21822387acf66f1a3ae09d9312c6c97dee3672c-768x549.jpg 768w\" sizes=\"(max-width: 1024px) 100vw, 1024px\" \/>\t\t\t\t\t\t\t\t\t\t\t\t\t\t\t<\/div>\n\t\t\t\t<\/div>\n\t\t\t\t<\/div>\n\t\t<div class=\"elementor-element elementor-element-59ac2d92 e-con-full e-flex e-con e-child\" data-id=\"59ac2d92\" data-element_type=\"container\" data-e-type=\"container\">\n\t\t\t\t<div class=\"elementor-element elementor-element-12403afc elementor-widget elementor-widget-heading\" data-id=\"12403afc\" data-element_type=\"widget\" data-e-type=\"widget\" data-widget_type=\"heading.default\">\n\t\t\t\t<div class=\"elementor-widget-container\">\n\t\t\t\t\t<h1 class=\"elementor-heading-title elementor-size-default\">Serviceavtal<\/h1>\t\t\t\t<\/div>\n\t\t\t\t<\/div>\n\t\t\t\t<div class=\"elementor-element elementor-element-32cd4aca ingress elementor-widget elementor-widget-text-editor\" data-id=\"32cd4aca\" data-element_type=\"widget\" data-e-type=\"widget\" data-widget_type=\"text-editor.default\">\n\t\t\t\t<div class=\"elementor-widget-container\">\n\t\t\t\t\t\t\t\t\t<p>Med ett serviceavtal tar vi hand om underh\u00e5llet och du kan koncentrera dig p\u00e5 transportverksamheten.<\/p>\t\t\t\t\t\t\t\t<\/div>\n\t\t\t\t<\/div>\n\t\t\t\t<\/div>\n\t\t\t\t\t<\/div>\n\t\t\t\t<\/div>\n\t\t<div class=\"elementor-element elementor-element-2295c22e e-flex e-con-boxed e-con e-parent\" data-id=\"2295c22e\" data-element_type=\"container\" data-e-type=\"container\" data-settings=\"{&quot;background_background&quot;:&quot;classic&quot;}\">\n\t\t\t\t\t<div class=\"e-con-inner\">\n\t\t\t\t<div class=\"elementor-element elementor-element-737ca6de elementor-widget elementor-widget-heading\" data-id=\"737ca6de\" data-element_type=\"widget\" data-e-type=\"widget\" data-widget_type=\"heading.default\">\n\t\t\t\t<div class=\"elementor-widget-container\">\n\t\t\t\t\t<h2 class=\"elementor-heading-title elementor-size-default\">Kontroll p\u00e5 kostnaderna<\/h2>\t\t\t\t<\/div>\n\t\t\t\t<\/div>\n\t\t\t\t<div class=\"elementor-element elementor-element-7b7406ec ingress elementor-widget elementor-widget-text-editor\" data-id=\"7b7406ec\" data-element_type=\"widget\" data-e-type=\"widget\" data-widget_type=\"text-editor.default\">\n\t\t\t\t<div class=\"elementor-widget-container\">\n\t\t\t\t\t\t\t\t\t<p>ScaniaAvtal finns i flera olika niv\u00e5er f\u00f6r att kunna passa just din verksamhet och det oavsett om du har en eller flera Scaniabilar. Du v\u00e4ljer sj\u00e4lv vad som ska ing\u00e5 i avtalet. Vill du att avtalet ska omfatta underh\u00e5ll och \u00e4ven reparationer? Vill du att vi tv\u00e4ttar bilen efter att vi har servat den? M\u00f6jligheterna \u00e4r obegr\u00e4nsade. F\u00f6rdelen med dessa ScaniaAvtal \u00e4r att du f\u00e5r kontroll \u00f6ver dina kostnaden en l\u00e5ng tid fram\u00f6ver och f\u00f6rs\u00e4krar dig om att du f\u00e5r professionell Scania-service!<\/p>\t\t\t\t\t\t\t\t<\/div>\n\t\t\t\t<\/div>\n\t\t\t\t\t<\/div>\n\t\t\t\t<\/div>\n\t\t<div class=\"elementor-element elementor-element-52c39538 e-flex e-con-boxed e-con e-parent\" data-id=\"52c39538\" data-element_type=\"container\" data-e-type=\"container\">\n\t\t\t\t\t<div class=\"e-con-inner\">\n\t\t<div class=\"elementor-element elementor-element-1e1e553b e-con-full e-flex e-con e-child\" data-id=\"1e1e553b\" data-element_type=\"container\" data-e-type=\"container\">\n\t\t<div class=\"elementor-element elementor-element-70b7ad31 e-flex e-con-boxed e-con e-child\" data-id=\"70b7ad31\" data-element_type=\"container\" data-e-type=\"container\">\n\t\t\t\t\t<div class=\"e-con-inner\">\n\t\t<div class=\"elementor-element elementor-element-1249fcdb e-flex e-con-boxed e-con e-child\" data-id=\"1249fcdb\" data-element_type=\"container\" data-e-type=\"container\">\n\t\t\t\t\t<div class=\"e-con-inner\">\n\t\t\t\t<div class=\"elementor-element elementor-element-776bb16e elementor-widget elementor-widget-heading\" data-id=\"776bb16e\" data-element_type=\"widget\" data-e-type=\"widget\" data-widget_type=\"heading.default\">\n\t\t\t\t<div class=\"elementor-widget-container\">\n\t\t\t\t\t<h2 class=\"elementor-heading-title elementor-size-default\">Start-avtal<\/h2>\t\t\t\t<\/div>\n\t\t\t\t<\/div>\n\t\t\t\t<div class=\"elementor-element elementor-element-73f63e6c elementor-widget elementor-widget-text-editor\" data-id=\"73f63e6c\" data-element_type=\"widget\" data-e-type=\"widget\" data-widget_type=\"text-editor.default\">\n\t\t\t\t<div class=\"elementor-widget-container\">\n\t\t\t\t\t\t\t\t\t<p>Med v\u00e5rt nya underh\u00e5llsavtal Start f\u00e5r du ett underh\u00e5ll anpassat till vad ditt fordon beh\u00f6ver. Med smart uppkoppling analyseras n\u00e4r just ditt fordon beh\u00f6ver underh\u00e5ll och det kan d\u00e5 utf\u00f6ras i r\u00e4tt tid f\u00f6r att minimera on\u00f6digt stillest\u00e5nd.<\/p>\t\t\t\t\t\t\t\t<\/div>\n\t\t\t\t<\/div>\n\t\t\t\t<div class=\"elementor-element elementor-element-67dcae09 elementor-widget elementor-widget-button\" data-id=\"67dcae09\" data-element_type=\"widget\" data-e-type=\"widget\" data-widget_type=\"button.default\">\n\t\t\t\t<div class=\"elementor-widget-container\">\n\t\t\t\t\t\t\t\t\t<div class=\"elementor-button-wrapper\">\n\t\t\t\t\t<a class=\"elementor-button elementor-button-link elementor-size-sm\" href=\"https:\/\/www.scania.com\/se\/sv\/home\/services\/service-360\/underhallsavtal.html\" target=\"_blank\">\n\t\t\t\t\t\t<span class=\"elementor-button-content-wrapper\">\n\t\t\t\t\t\t\t\t\t<span class=\"elementor-button-text\">L\u00e4s mer<\/span>\n\t\t\t\t\t<\/span>\n\t\t\t\t\t<\/a>\n\t\t\t\t<\/div>\n\t\t\t\t\t\t\t\t<\/div>\n\t\t\t\t<\/div>\n\t\t\t\t\t<\/div>\n\t\t\t\t<\/div>\n\t\t<div class=\"elementor-element elementor-element-e63287f e-flex e-con-boxed e-con e-child\" data-id=\"e63287f\" data-element_type=\"container\" data-e-type=\"container\">\n\t\t\t\t\t<div class=\"e-con-inner\">\n\t\t\t\t<div class=\"elementor-element elementor-element-b5e9fe1 elementor-widget elementor-widget-heading\" data-id=\"b5e9fe1\" data-element_type=\"widget\" data-e-type=\"widget\" data-widget_type=\"heading.default\">\n\t\t\t\t<div class=\"elementor-widget-container\">\n\t\t\t\t\t<h2 class=\"elementor-heading-title elementor-size-default\">Drive, Cruise &amp; Procare-avtal<\/h2>\t\t\t\t<\/div>\n\t\t\t\t<\/div>\n\t\t\t\t<div class=\"elementor-element elementor-element-55ecfa0 elementor-widget elementor-widget-text-editor\" data-id=\"55ecfa0\" data-element_type=\"widget\" data-e-type=\"widget\" data-widget_type=\"text-editor.default\">\n\t\t\t\t<div class=\"elementor-widget-container\">\n\t\t\t\t\t\t\t\t\t<p>Med ett av v\u00e5ra service- och reparationsavtal Drive, Cruise eller ProCare f\u00e5r du professionell service och reparationer av ditt fordon. Vill du ha maximal trygghet och v\u00e5r kompetens i alla l\u00e4gen \u00e4r ProCare det sj\u00e4lvklara valet f\u00f6r dig.<\/p>\t\t\t\t\t\t\t\t<\/div>\n\t\t\t\t<\/div>\n\t\t\t\t<div class=\"elementor-element elementor-element-6345470 elementor-widget elementor-widget-button\" data-id=\"6345470\" data-element_type=\"widget\" data-e-type=\"widget\" data-widget_type=\"button.default\">\n\t\t\t\t<div class=\"elementor-widget-container\">\n\t\t\t\t\t\t\t\t\t<div class=\"elementor-button-wrapper\">\n\t\t\t\t\t<a class=\"elementor-button elementor-button-link elementor-size-sm\" href=\"https:\/\/www.scania.com\/se\/sv\/home\/services\/service-360\/service-och-reparationsavtal.html\" target=\"_blank\">\n\t\t\t\t\t\t<span class=\"elementor-button-content-wrapper\">\n\t\t\t\t\t\t\t\t\t<span class=\"elementor-button-text\">L\u00e4s mer<\/span>\n\t\t\t\t\t<\/span>\n\t\t\t\t\t<\/a>\n\t\t\t\t<\/div>\n\t\t\t\t\t\t\t\t<\/div>\n\t\t\t\t<\/div>\n\t\t\t\t\t<\/div>\n\t\t\t\t<\/div>\n\t\t\t\t\t<\/div>\n\t\t\t\t<\/div>\n\t\t\t\t<\/div>\n\t\t\t\t\t<\/div>\n\t\t\t\t<\/div>\n\t\t\t\t<\/div>\n\t\t","protected":false},"excerpt":{"rendered":"<p>Serviceavtal Med ett serviceavtal tar vi hand om underh\u00e5llet och du kan koncentrera dig p\u00e5 transportverksamheten. Kontroll p\u00e5 kostnaderna ScaniaAvtal finns i flera olika niv\u00e5er f\u00f6r att kunna passa just din verksamhet och det oavsett om du har en eller flera Scaniabilar. Du v\u00e4ljer sj\u00e4lv vad som ska ing\u00e5 i avtalet. Vill du att avtalet [&hellip;]<\/p>\n","protected":false},"author":1,"featured_media":0,"parent":389,"menu_order":0,"comment_status":"closed","ping_status":"closed","template":"","meta":{"_acf_changed":false,"site-sidebar-layout":"no-sidebar","site-content-layout":"","ast-site-content-layout":"full-width-container","site-content-style":"default","site-sidebar-style":"default","ast-global-header-display":"","ast-banner-title-visibility":"","ast-main-header-display":"","ast-hfb-above-header-display":"","ast-hfb-below-header-display":"","ast-hfb-mobile-header-display":"","site-post-title":"disabled","ast-breadcrumbs-content":"","ast-featured-img":"disabled","footer-sml-layout":"","ast-disable-related-posts":"","theme-transparent-header-meta":"default","adv-header-id-meta":"","stick-header-meta":"","header-above-stick-meta":"","header-main-stick-meta":"","header-below-stick-meta":"","astra-migrate-meta-layouts":"set","ast-page-background-enabled":"default","ast-page-background-meta":{"desktop":{"background-color":"var(--ast-global-color-4)","background-image":"","background-repeat":"repeat","background-position":"center center","background-size":"auto","background-attachment":"scroll","background-type":"","background-media":"","overlay-type":"","overlay-color":"","overlay-opacity":"","overlay-gradient":""},"tablet":{"background-color":"","background-image":"","background-repeat":"repeat","background-position":"center center","background-size":"auto","background-attachment":"scroll","background-type":"","background-media":"","overlay-type":"","overlay-color":"","overlay-opacity":"","overlay-gradient":""},"mobile":{"background-color":"","background-image":"","background-repeat":"repeat","background-position":"center center","background-size":"auto","background-attachment":"scroll","background-type":"","background-media":"","overlay-type":"","overlay-color":"","overlay-opacity":"","overlay-gradient":""}},"ast-content-background-meta":{"desktop":{"background-color":"var(--ast-global-color-5)","background-image":"","background-repeat":"repeat","background-position":"center center","background-size":"auto","background-attachment":"scroll","background-type":"","background-media":"","overlay-type":"","overlay-color":"","overlay-opacity":"","overlay-gradient":""},"tablet":{"background-color":"var(--ast-global-color-5)","background-image":"","background-repeat":"repeat","background-position":"center center","background-size":"auto","background-attachment":"scroll","background-type":"","background-media":"","overlay-type":"","overlay-color":"","overlay-opacity":"","overlay-gradient":""},"mobile":{"background-color":"var(--ast-global-color-5)","background-image":"","background-repeat":"repeat","background-position":"center center","background-size":"auto","background-attachment":"scroll","background-type":"","background-media":"","overlay-type":"","overlay-color":"","overlay-opacity":"","overlay-gradient":""}},"footnotes":""},"class_list":["post-436","page","type-page","status-publish","hentry"],"acf":[],"yoast_head":"<!-- This site is optimized with the Yoast SEO plugin v27.4 - https:\/\/yoast.com\/product\/yoast-seo-wordpress\/ -->\n<title>Serviceavtal - Motorcentralen Ume\u00e5 Scania<\/title>\n<meta name=\"robots\" content=\"index, follow, max-snippet:-1, max-image-preview:large, max-video-preview:-1\" \/>\n<link rel=\"canonical\" href=\"https:\/\/motorcentralen.se\/scania\/service-tjanster\/serviceavtal\/\" \/>\n<meta property=\"og:locale\" content=\"sv_SE\" \/>\n<meta property=\"og:type\" content=\"article\" \/>\n<meta property=\"og:title\" content=\"Serviceavtal - Motorcentralen Ume\u00e5 Scania\" \/>\n<meta property=\"og:description\" content=\"Serviceavtal Med ett serviceavtal tar vi hand om underh\u00e5llet och du kan koncentrera dig p\u00e5 transportverksamheten. Kontroll p\u00e5 kostnaderna ScaniaAvtal finns i flera olika niv\u00e5er f\u00f6r att kunna passa just din verksamhet och det oavsett om du har en eller flera Scaniabilar. Du v\u00e4ljer sj\u00e4lv vad som ska ing\u00e5 i avtalet. Vill du att avtalet [&hellip;]\" \/>\n<meta property=\"og:url\" content=\"https:\/\/motorcentralen.se\/scania\/service-tjanster\/serviceavtal\/\" \/>\n<meta property=\"og:site_name\" content=\"Motorcentralen Ume\u00e5 Scania\" \/>\n<meta property=\"article:modified_time\" content=\"2023-10-27T07:07:18+00:00\" \/>\n<meta property=\"og:image\" content=\"https:\/\/motorcentralen.se\/scania\/wp-content\/uploads\/sites\/3\/2018\/08\/b21822387acf66f1a3ae09d9312c6c97dee3672c-1024x731.jpg\" \/>\n<meta name=\"twitter:card\" content=\"summary_large_image\" \/>\n<meta name=\"twitter:label1\" content=\"Ber\u00e4knad l\u00e4stid\" \/>\n\t<meta name=\"twitter:data1\" content=\"2 minuter\" \/>\n<script type=\"application\/ld+json\" class=\"yoast-schema-graph\">{\"@context\":\"https:\\\/\\\/schema.org\",\"@graph\":[{\"@type\":\"WebPage\",\"@id\":\"https:\\\/\\\/motorcentralen.se\\\/scania\\\/service-tjanster\\\/serviceavtal\\\/\",\"url\":\"https:\\\/\\\/motorcentralen.se\\\/scania\\\/service-tjanster\\\/serviceavtal\\\/\",\"name\":\"Serviceavtal - Motorcentralen Ume\u00e5 Scania\",\"isPartOf\":{\"@id\":\"https:\\\/\\\/motorcentralen.se\\\/scania\\\/#website\"},\"primaryImageOfPage\":{\"@id\":\"https:\\\/\\\/motorcentralen.se\\\/scania\\\/service-tjanster\\\/serviceavtal\\\/#primaryimage\"},\"image\":{\"@id\":\"https:\\\/\\\/motorcentralen.se\\\/scania\\\/service-tjanster\\\/serviceavtal\\\/#primaryimage\"},\"thumbnailUrl\":\"https:\\\/\\\/motorcentralen.se\\\/scania\\\/wp-content\\\/uploads\\\/sites\\\/3\\\/2018\\\/08\\\/b21822387acf66f1a3ae09d9312c6c97dee3672c-1024x731.jpg\",\"datePublished\":\"2018-08-15T12:17:39+00:00\",\"dateModified\":\"2023-10-27T07:07:18+00:00\",\"breadcrumb\":{\"@id\":\"https:\\\/\\\/motorcentralen.se\\\/scania\\\/service-tjanster\\\/serviceavtal\\\/#breadcrumb\"},\"inLanguage\":\"sv-SE\",\"potentialAction\":[{\"@type\":\"ReadAction\",\"target\":[\"https:\\\/\\\/motorcentralen.se\\\/scania\\\/service-tjanster\\\/serviceavtal\\\/\"]}]},{\"@type\":\"ImageObject\",\"inLanguage\":\"sv-SE\",\"@id\":\"https:\\\/\\\/motorcentralen.se\\\/scania\\\/service-tjanster\\\/serviceavtal\\\/#primaryimage\",\"url\":\"https:\\\/\\\/motorcentralen.se\\\/scania\\\/wp-content\\\/uploads\\\/sites\\\/3\\\/2018\\\/08\\\/b21822387acf66f1a3ae09d9312c6c97dee3672c.jpg\",\"contentUrl\":\"https:\\\/\\\/motorcentralen.se\\\/scania\\\/wp-content\\\/uploads\\\/sites\\\/3\\\/2018\\\/08\\\/b21822387acf66f1a3ae09d9312c6c97dee3672c.jpg\",\"width\":3840,\"height\":2743,\"caption\":\"Scania\"},{\"@type\":\"BreadcrumbList\",\"@id\":\"https:\\\/\\\/motorcentralen.se\\\/scania\\\/service-tjanster\\\/serviceavtal\\\/#breadcrumb\",\"itemListElement\":[{\"@type\":\"ListItem\",\"position\":1,\"name\":\"Home\",\"item\":\"https:\\\/\\\/motorcentralen.se\\\/scania\\\/\"},{\"@type\":\"ListItem\",\"position\":2,\"name\":\"Service &amp; Tj\u00e4nster\",\"item\":\"https:\\\/\\\/motorcentralen.se\\\/scania\\\/service-tjanster\\\/\"},{\"@type\":\"ListItem\",\"position\":3,\"name\":\"Serviceavtal\"}]},{\"@type\":\"WebSite\",\"@id\":\"https:\\\/\\\/motorcentralen.se\\\/scania\\\/#website\",\"url\":\"https:\\\/\\\/motorcentralen.se\\\/scania\\\/\",\"name\":\"Motorcentralen Ume\u00e5 Scania\",\"description\":\"Motorcentralen Ume\u00e5 Scania\",\"publisher\":{\"@id\":\"https:\\\/\\\/motorcentralen.se\\\/scania\\\/#organization\"},\"potentialAction\":[{\"@type\":\"SearchAction\",\"target\":{\"@type\":\"EntryPoint\",\"urlTemplate\":\"https:\\\/\\\/motorcentralen.se\\\/scania\\\/?s={search_term_string}\"},\"query-input\":{\"@type\":\"PropertyValueSpecification\",\"valueRequired\":true,\"valueName\":\"search_term_string\"}}],\"inLanguage\":\"sv-SE\"},{\"@type\":\"Organization\",\"@id\":\"https:\\\/\\\/motorcentralen.se\\\/scania\\\/#organization\",\"name\":\"Motorcentralen Ume\u00e5 Scania\",\"url\":\"https:\\\/\\\/motorcentralen.se\\\/scania\\\/\",\"logo\":{\"@type\":\"ImageObject\",\"inLanguage\":\"sv-SE\",\"@id\":\"https:\\\/\\\/motorcentralen.se\\\/scania\\\/#\\\/schema\\\/logo\\\/image\\\/\",\"url\":\"https:\\\/\\\/motorcentralen.se\\\/scania\\\/wp-content\\\/uploads\\\/sites\\\/3\\\/2024\\\/10\\\/Motorcentralen_Lastbilar_LOGO_white_rgb.svg\",\"contentUrl\":\"https:\\\/\\\/motorcentralen.se\\\/scania\\\/wp-content\\\/uploads\\\/sites\\\/3\\\/2024\\\/10\\\/Motorcentralen_Lastbilar_LOGO_white_rgb.svg\",\"width\":1165,\"height\":166,\"caption\":\"Motorcentralen Ume\u00e5 Scania\"},\"image\":{\"@id\":\"https:\\\/\\\/motorcentralen.se\\\/scania\\\/#\\\/schema\\\/logo\\\/image\\\/\"}}]}<\/script>\n<!-- \/ Yoast SEO plugin. -->","yoast_head_json":{"title":"Serviceavtal - Motorcentralen Ume\u00e5 Scania","robots":{"index":"index","follow":"follow","max-snippet":"max-snippet:-1","max-image-preview":"max-image-preview:large","max-video-preview":"max-video-preview:-1"},"canonical":"https:\/\/motorcentralen.se\/scania\/service-tjanster\/serviceavtal\/","og_locale":"sv_SE","og_type":"article","og_title":"Serviceavtal - Motorcentralen Ume\u00e5 Scania","og_description":"Serviceavtal Med ett serviceavtal tar vi hand om underh\u00e5llet och du kan koncentrera dig p\u00e5 transportverksamheten. Kontroll p\u00e5 kostnaderna ScaniaAvtal finns i flera olika niv\u00e5er f\u00f6r att kunna passa just din verksamhet och det oavsett om du har en eller flera Scaniabilar. Du v\u00e4ljer sj\u00e4lv vad som ska ing\u00e5 i avtalet. Vill du att avtalet [&hellip;]","og_url":"https:\/\/motorcentralen.se\/scania\/service-tjanster\/serviceavtal\/","og_site_name":"Motorcentralen Ume\u00e5 Scania","article_modified_time":"2023-10-27T07:07:18+00:00","og_image":[{"url":"https:\/\/motorcentralen.se\/scania\/wp-content\/uploads\/sites\/3\/2018\/08\/b21822387acf66f1a3ae09d9312c6c97dee3672c-1024x731.jpg","type":"","width":"","height":""}],"twitter_card":"summary_large_image","twitter_misc":{"Ber\u00e4knad l\u00e4stid":"2 minuter"},"schema":{"@context":"https:\/\/schema.org","@graph":[{"@type":"WebPage","@id":"https:\/\/motorcentralen.se\/scania\/service-tjanster\/serviceavtal\/","url":"https:\/\/motorcentralen.se\/scania\/service-tjanster\/serviceavtal\/","name":"Serviceavtal - Motorcentralen Ume\u00e5 Scania","isPartOf":{"@id":"https:\/\/motorcentralen.se\/scania\/#website"},"primaryImageOfPage":{"@id":"https:\/\/motorcentralen.se\/scania\/service-tjanster\/serviceavtal\/#primaryimage"},"image":{"@id":"https:\/\/motorcentralen.se\/scania\/service-tjanster\/serviceavtal\/#primaryimage"},"thumbnailUrl":"https:\/\/motorcentralen.se\/scania\/wp-content\/uploads\/sites\/3\/2018\/08\/b21822387acf66f1a3ae09d9312c6c97dee3672c-1024x731.jpg","datePublished":"2018-08-15T12:17:39+00:00","dateModified":"2023-10-27T07:07:18+00:00","breadcrumb":{"@id":"https:\/\/motorcentralen.se\/scania\/service-tjanster\/serviceavtal\/#breadcrumb"},"inLanguage":"sv-SE","potentialAction":[{"@type":"ReadAction","target":["https:\/\/motorcentralen.se\/scania\/service-tjanster\/serviceavtal\/"]}]},{"@type":"ImageObject","inLanguage":"sv-SE","@id":"https:\/\/motorcentralen.se\/scania\/service-tjanster\/serviceavtal\/#primaryimage","url":"https:\/\/motorcentralen.se\/scania\/wp-content\/uploads\/sites\/3\/2018\/08\/b21822387acf66f1a3ae09d9312c6c97dee3672c.jpg","contentUrl":"https:\/\/motorcentralen.se\/scania\/wp-content\/uploads\/sites\/3\/2018\/08\/b21822387acf66f1a3ae09d9312c6c97dee3672c.jpg","width":3840,"height":2743,"caption":"Scania"},{"@type":"BreadcrumbList","@id":"https:\/\/motorcentralen.se\/scania\/service-tjanster\/serviceavtal\/#breadcrumb","itemListElement":[{"@type":"ListItem","position":1,"name":"Home","item":"https:\/\/motorcentralen.se\/scania\/"},{"@type":"ListItem","position":2,"name":"Service &amp; Tj\u00e4nster","item":"https:\/\/motorcentralen.se\/scania\/service-tjanster\/"},{"@type":"ListItem","position":3,"name":"Serviceavtal"}]},{"@type":"WebSite","@id":"https:\/\/motorcentralen.se\/scania\/#website","url":"https:\/\/motorcentralen.se\/scania\/","name":"Motorcentralen Ume\u00e5 Scania","description":"Motorcentralen Ume\u00e5 Scania","publisher":{"@id":"https:\/\/motorcentralen.se\/scania\/#organization"},"potentialAction":[{"@type":"SearchAction","target":{"@type":"EntryPoint","urlTemplate":"https:\/\/motorcentralen.se\/scania\/?s={search_term_string}"},"query-input":{"@type":"PropertyValueSpecification","valueRequired":true,"valueName":"search_term_string"}}],"inLanguage":"sv-SE"},{"@type":"Organization","@id":"https:\/\/motorcentralen.se\/scania\/#organization","name":"Motorcentralen Ume\u00e5 Scania","url":"https:\/\/motorcentralen.se\/scania\/","logo":{"@type":"ImageObject","inLanguage":"sv-SE","@id":"https:\/\/motorcentralen.se\/scania\/#\/schema\/logo\/image\/","url":"https:\/\/motorcentralen.se\/scania\/wp-content\/uploads\/sites\/3\/2024\/10\/Motorcentralen_Lastbilar_LOGO_white_rgb.svg","contentUrl":"https:\/\/motorcentralen.se\/scania\/wp-content\/uploads\/sites\/3\/2024\/10\/Motorcentralen_Lastbilar_LOGO_white_rgb.svg","width":1165,"height":166,"caption":"Motorcentralen Ume\u00e5 Scania"},"image":{"@id":"https:\/\/motorcentralen.se\/scania\/#\/schema\/logo\/image\/"}}]}},"_links":{"self":[{"href":"https:\/\/motorcentralen.se\/scania\/wp-json\/wp\/v2\/pages\/436","targetHints":{"allow":["GET"]}}],"collection":[{"href":"https:\/\/motorcentralen.se\/scania\/wp-json\/wp\/v2\/pages"}],"about":[{"href":"https:\/\/motorcentralen.se\/scania\/wp-json\/wp\/v2\/types\/page"}],"author":[{"embeddable":true,"href":"https:\/\/motorcentralen.se\/scania\/wp-json\/wp\/v2\/users\/1"}],"replies":[{"embeddable":true,"href":"https:\/\/motorcentralen.se\/scania\/wp-json\/wp\/v2\/comments?post=436"}],"version-history":[{"count":46,"href":"https:\/\/motorcentralen.se\/scania\/wp-json\/wp\/v2\/pages\/436\/revisions"}],"predecessor-version":[{"id":17859,"href":"https:\/\/motorcentralen.se\/scania\/wp-json\/wp\/v2\/pages\/436\/revisions\/17859"}],"up":[{"embeddable":true,"href":"https:\/\/motorcentralen.se\/scania\/wp-json\/wp\/v2\/pages\/389"}],"wp:attachment":[{"href":"https:\/\/motorcentralen.se\/scania\/wp-json\/wp\/v2\/media?parent=436"}],"curies":[{"name":"wp","href":"https:\/\/api.w.org\/{rel}","templated":true}]}}