{"id":440,"date":"2018-08-15T12:18:15","date_gmt":"2018-08-15T12:18:15","guid":{"rendered":"https:\/\/motorcentralen.se\/lastbilar\/?page_id=440"},"modified":"2023-10-27T12:25:58","modified_gmt":"2023-10-27T12:25:58","slug":"fardskrivartjanster","status":"publish","type":"page","link":"https:\/\/motorcentralen.se\/scania\/service-tjanster\/fardskrivartjanster\/","title":{"rendered":"F\u00e4rdskrivartj\u00e4nster"},"content":{"rendered":"\t\t<div data-elementor-type=\"wp-page\" data-elementor-id=\"440\" class=\"elementor elementor-440\" data-elementor-post-type=\"page\">\n\t\t\t\t<div class=\"elementor-element elementor-element-7ee8abcd e-flex e-con-boxed e-con e-parent\" data-id=\"7ee8abcd\" data-element_type=\"container\" data-e-type=\"container\">\n\t\t\t\t\t<div class=\"e-con-inner\">\n\t\t<div class=\"elementor-element elementor-element-c44df5a e-con-full e-flex e-con e-child\" data-id=\"c44df5a\" data-element_type=\"container\" data-e-type=\"container\">\n\t\t\t\t<div class=\"elementor-element elementor-element-25528fd elementor-widget elementor-widget-image\" data-id=\"25528fd\" data-element_type=\"widget\" data-e-type=\"widget\" data-widget_type=\"image.default\">\n\t\t\t\t<div class=\"elementor-widget-container\">\n\t\t\t\t\t\t\t\t\t\t\t\t\t\t\t<img fetchpriority=\"high\" decoding=\"async\" width=\"1024\" height=\"576\" src=\"https:\/\/motorcentralen.se\/scania\/wp-content\/uploads\/sites\/3\/2021\/10\/nyav8_1920x1080-1024x576.jpg\" class=\"attachment-large size-large wp-image-1301\" alt=\"Motorcentralen i Ume\u00e5 - \u00c5terf\u00f6rs\u00e4ljare f\u00f6r Scania\" srcset=\"https:\/\/motorcentralen.se\/scania\/wp-content\/uploads\/sites\/3\/2021\/10\/nyav8_1920x1080-1024x576.jpg 1024w, https:\/\/motorcentralen.se\/scania\/wp-content\/uploads\/sites\/3\/2021\/10\/nyav8_1920x1080-300x169.jpg 300w, https:\/\/motorcentralen.se\/scania\/wp-content\/uploads\/sites\/3\/2021\/10\/nyav8_1920x1080-768x432.jpg 768w, https:\/\/motorcentralen.se\/scania\/wp-content\/uploads\/sites\/3\/2021\/10\/nyav8_1920x1080-1536x864.jpg 1536w, https:\/\/motorcentralen.se\/scania\/wp-content\/uploads\/sites\/3\/2021\/10\/nyav8_1920x1080.jpg 1920w\" sizes=\"(max-width: 1024px) 100vw, 1024px\" \/>\t\t\t\t\t\t\t\t\t\t\t\t\t\t\t<\/div>\n\t\t\t\t<\/div>\n\t\t\t\t<\/div>\n\t\t<div class=\"elementor-element elementor-element-56a52592 e-con-full e-flex e-con e-child\" data-id=\"56a52592\" data-element_type=\"container\" data-e-type=\"container\">\n\t\t\t\t<div class=\"elementor-element elementor-element-12787876 elementor-widget elementor-widget-heading\" data-id=\"12787876\" data-element_type=\"widget\" data-e-type=\"widget\" data-widget_type=\"heading.default\">\n\t\t\t\t<div class=\"elementor-widget-container\">\n\t\t\t\t\t<h1 class=\"elementor-heading-title elementor-size-default\">F\u00e4rdskrivartj\u00e4nster<\/h1>\t\t\t\t<\/div>\n\t\t\t\t<\/div>\n\t\t\t\t<div class=\"elementor-element elementor-element-1e66cc0c ingress elementor-widget elementor-widget-text-editor\" data-id=\"1e66cc0c\" data-element_type=\"widget\" data-e-type=\"widget\" data-widget_type=\"text-editor.default\">\n\t\t\t\t<div class=\"elementor-widget-container\">\n\t\t\t\t\t\t\t\t\t<p>Med Scanias f\u00e4rdskrivartj\u00e4nster f\u00e5r du inblick i f\u00f6raraktiviteter och fordonsanv\u00e4ndning. Med hj\u00e4lp av tydliga rapporter kan du maximera fordonstillg\u00e4ngligheten, garantera att regler efterlevs samt att h\u00e4lso- och s\u00e4kerhetskrav uppfylls.<\/p>\t\t\t\t\t\t\t\t<\/div>\n\t\t\t\t<\/div>\n\t\t\t\t<\/div>\n\t\t\t\t\t<\/div>\n\t\t\t\t<\/div>\n\t\t<div class=\"elementor-element elementor-element-6daeada9 e-flex e-con-boxed e-con e-parent\" data-id=\"6daeada9\" data-element_type=\"container\" data-e-type=\"container\" data-settings=\"{&quot;background_background&quot;:&quot;gradient&quot;}\">\n\t\t\t\t\t<div class=\"e-con-inner\">\n\t\t<div class=\"elementor-element elementor-element-3cf864e5 e-con-full e-flex e-con e-child\" data-id=\"3cf864e5\" data-element_type=\"container\" data-e-type=\"container\">\n\t\t<div class=\"elementor-element elementor-element-3a7d0041 e-flex e-con-boxed e-con e-child\" data-id=\"3a7d0041\" data-element_type=\"container\" data-e-type=\"container\">\n\t\t\t\t\t<div class=\"e-con-inner\">\n\t\t<div class=\"elementor-element elementor-element-21de649a e-flex e-con-boxed e-con e-child\" data-id=\"21de649a\" data-element_type=\"container\" data-e-type=\"container\">\n\t\t\t\t\t<div class=\"e-con-inner\">\n\t\t\t\t<div class=\"elementor-element elementor-element-106936b6 elementor-widget elementor-widget-heading\" data-id=\"106936b6\" data-element_type=\"widget\" data-e-type=\"widget\" data-widget_type=\"heading.default\">\n\t\t\t\t<div class=\"elementor-widget-container\">\n\t\t\t\t\t<h2 class=\"elementor-heading-title elementor-size-default\">Full koll dygnet runt<\/h2>\t\t\t\t<\/div>\n\t\t\t\t<\/div>\n\t\t\t\t<div class=\"elementor-element elementor-element-bc3a58 elementor-widget elementor-widget-text-editor\" data-id=\"bc3a58\" data-element_type=\"widget\" data-e-type=\"widget\" data-widget_type=\"text-editor.default\">\n\t\t\t\t<div class=\"elementor-widget-container\">\n\t\t\t\t\t\t\t\t\t<p>Scania f\u00e4rdskrivarportal \u00e4r ett viktigt verktyg f\u00f6r att optimera produktiviteten. Du har tillg\u00e5ng till detaljerade rapporter och kalendrar som visar n\u00e4r nedladdningar senast m\u00e5ste g\u00f6ras, om f\u00f6rarkort beh\u00f6ver f\u00f6rnyas och s\u00e5 vidare.<\/p><p>Informationen finns tillg\u00e4nglig under dygnets alla timmar. Om data inte blivit kopierad skickas p\u00e5minnelser ut per automatik.<\/p>\t\t\t\t\t\t\t\t<\/div>\n\t\t\t\t<\/div>\n\t\t\t\t\t<\/div>\n\t\t\t\t<\/div>\n\t\t<div class=\"elementor-element elementor-element-d27d24a e-flex e-con-boxed e-con e-child\" data-id=\"d27d24a\" data-element_type=\"container\" data-e-type=\"container\">\n\t\t\t\t\t<div class=\"e-con-inner\">\n\t\t\t\t<div class=\"elementor-element elementor-element-d669255 elementor-widget elementor-widget-heading\" data-id=\"d669255\" data-element_type=\"widget\" data-e-type=\"widget\" data-widget_type=\"heading.default\">\n\t\t\t\t<div class=\"elementor-widget-container\">\n\t\t\t\t\t<h2 class=\"elementor-heading-title elementor-size-default\">V\u00e5ra abonnemang<\/h2>\t\t\t\t<\/div>\n\t\t\t\t<\/div>\n\t\t\t\t<div class=\"elementor-element elementor-element-a59d794 elementor-widget elementor-widget-text-editor\" data-id=\"a59d794\" data-element_type=\"widget\" data-e-type=\"widget\" data-widget_type=\"text-editor.default\">\n\t\t\t\t<div class=\"elementor-widget-container\">\n\t\t\t\t\t\t\t\t\t<p>Idag finns flera olika abonnemang att v\u00e4lja mellan g\u00e4llande kopiering av f\u00e4rdskrivardata och f\u00f6rarkortdata. De abonnemang som vi erbjuder \u00e4r: bas och tr\u00e5dl\u00f6s nedladdning +.<\/p>\t\t\t\t\t\t\t\t<\/div>\n\t\t\t\t<\/div>\n\t\t<div class=\"elementor-element elementor-element-69da8b0 e-flex e-con-boxed e-con e-child\" data-id=\"69da8b0\" data-element_type=\"container\" data-e-type=\"container\">\n\t\t\t\t\t<div class=\"e-con-inner\">\n\t\t\t\t<div class=\"elementor-element elementor-element-3667808 elementor-widget elementor-widget-button\" data-id=\"3667808\" data-element_type=\"widget\" data-e-type=\"widget\" data-widget_type=\"button.default\">\n\t\t\t\t<div class=\"elementor-widget-container\">\n\t\t\t\t\t\t\t\t\t<div class=\"elementor-button-wrapper\">\n\t\t\t\t\t<a class=\"elementor-button elementor-button-link elementor-size-sm\" href=\"\/scania\/tradlos-nedladdning1\/\">\n\t\t\t\t\t\t<span class=\"elementor-button-content-wrapper\">\n\t\t\t\t\t\t\t\t\t<span class=\"elementor-button-text\">L\u00e4s om Tr\u00e5dl\u00f6s nedladdning<\/span>\n\t\t\t\t\t<\/span>\n\t\t\t\t\t<\/a>\n\t\t\t\t<\/div>\n\t\t\t\t\t\t\t\t<\/div>\n\t\t\t\t<\/div>\n\t\t\t\t<div class=\"elementor-element elementor-element-a12a023 elementor-widget elementor-widget-button\" data-id=\"a12a023\" data-element_type=\"widget\" data-e-type=\"widget\" data-widget_type=\"button.default\">\n\t\t\t\t<div class=\"elementor-widget-container\">\n\t\t\t\t\t\t\t\t\t<div class=\"elementor-button-wrapper\">\n\t\t\t\t\t<a class=\"elementor-button elementor-button-link elementor-size-sm\" href=\"\/scania\/bas\/\">\n\t\t\t\t\t\t<span class=\"elementor-button-content-wrapper\">\n\t\t\t\t\t\t\t\t\t<span class=\"elementor-button-text\">L\u00e4s om Bas<\/span>\n\t\t\t\t\t<\/span>\n\t\t\t\t\t<\/a>\n\t\t\t\t<\/div>\n\t\t\t\t\t\t\t\t<\/div>\n\t\t\t\t<\/div>\n\t\t\t\t\t<\/div>\n\t\t\t\t<\/div>\n\t\t\t\t\t<\/div>\n\t\t\t\t<\/div>\n\t\t\t\t\t<\/div>\n\t\t\t\t<\/div>\n\t\t\t\t<\/div>\n\t\t\t\t\t<\/div>\n\t\t\t\t<\/div>\n\t\t\t\t<\/div>\n\t\t","protected":false},"excerpt":{"rendered":"<p>F\u00e4rdskrivartj\u00e4nster Med Scanias f\u00e4rdskrivartj\u00e4nster f\u00e5r du inblick i f\u00f6raraktiviteter och fordonsanv\u00e4ndning. Med hj\u00e4lp av tydliga rapporter kan du maximera fordonstillg\u00e4ngligheten, garantera att regler efterlevs samt att h\u00e4lso- och s\u00e4kerhetskrav uppfylls. Full koll dygnet runt Scania f\u00e4rdskrivarportal \u00e4r ett viktigt verktyg f\u00f6r att optimera produktiviteten. Du har tillg\u00e5ng till detaljerade rapporter och kalendrar som visar n\u00e4r [&hellip;]<\/p>\n","protected":false},"author":1,"featured_media":0,"parent":389,"menu_order":0,"comment_status":"closed","ping_status":"closed","template":"","meta":{"_acf_changed":false,"site-sidebar-layout":"no-sidebar","site-content-layout":"","ast-site-content-layout":"full-width-container","site-content-style":"default","site-sidebar-style":"default","ast-global-header-display":"","ast-banner-title-visibility":"","ast-main-header-display":"","ast-hfb-above-header-display":"","ast-hfb-below-header-display":"","ast-hfb-mobile-header-display":"","site-post-title":"disabled","ast-breadcrumbs-content":"","ast-featured-img":"disabled","footer-sml-layout":"","ast-disable-related-posts":"","theme-transparent-header-meta":"default","adv-header-id-meta":"","stick-header-meta":"","header-above-stick-meta":"","header-main-stick-meta":"","header-below-stick-meta":"","astra-migrate-meta-layouts":"set","ast-page-background-enabled":"default","ast-page-background-meta":{"desktop":{"background-color":"var(--ast-global-color-4)","background-image":"","background-repeat":"repeat","background-position":"center center","background-size":"auto","background-attachment":"scroll","background-type":"","background-media":"","overlay-type":"","overlay-color":"","overlay-opacity":"","overlay-gradient":""},"tablet":{"background-color":"","background-image":"","background-repeat":"repeat","background-position":"center center","background-size":"auto","background-attachment":"scroll","background-type":"","background-media":"","overlay-type":"","overlay-color":"","overlay-opacity":"","overlay-gradient":""},"mobile":{"background-color":"","background-image":"","background-repeat":"repeat","background-position":"center center","background-size":"auto","background-attachment":"scroll","background-type":"","background-media":"","overlay-type":"","overlay-color":"","overlay-opacity":"","overlay-gradient":""}},"ast-content-background-meta":{"desktop":{"background-color":"var(--ast-global-color-5)","background-image":"","background-repeat":"repeat","background-position":"center center","background-size":"auto","background-attachment":"scroll","background-type":"","background-media":"","overlay-type":"","overlay-color":"","overlay-opacity":"","overlay-gradient":""},"tablet":{"background-color":"var(--ast-global-color-5)","background-image":"","background-repeat":"repeat","background-position":"center center","background-size":"auto","background-attachment":"scroll","background-type":"","background-media":"","overlay-type":"","overlay-color":"","overlay-opacity":"","overlay-gradient":""},"mobile":{"background-color":"var(--ast-global-color-5)","background-image":"","background-repeat":"repeat","background-position":"center center","background-size":"auto","background-attachment":"scroll","background-type":"","background-media":"","overlay-type":"","overlay-color":"","overlay-opacity":"","overlay-gradient":""}},"footnotes":""},"class_list":["post-440","page","type-page","status-publish","hentry"],"acf":[],"yoast_head":"<!-- This site is optimized with the Yoast SEO plugin v27.4 - https:\/\/yoast.com\/product\/yoast-seo-wordpress\/ -->\n<title>F\u00e4rdskrivartj\u00e4nster - Motorcentralen Ume\u00e5 Scania<\/title>\n<meta name=\"robots\" content=\"index, follow, max-snippet:-1, max-image-preview:large, max-video-preview:-1\" \/>\n<link rel=\"canonical\" href=\"https:\/\/motorcentralen.se\/scania\/service-tjanster\/fardskrivartjanster\/\" \/>\n<meta property=\"og:locale\" content=\"sv_SE\" \/>\n<meta property=\"og:type\" content=\"article\" \/>\n<meta property=\"og:title\" content=\"F\u00e4rdskrivartj\u00e4nster - Motorcentralen Ume\u00e5 Scania\" \/>\n<meta property=\"og:description\" content=\"F\u00e4rdskrivartj\u00e4nster Med Scanias f\u00e4rdskrivartj\u00e4nster f\u00e5r du inblick i f\u00f6raraktiviteter och fordonsanv\u00e4ndning. Med hj\u00e4lp av tydliga rapporter kan du maximera fordonstillg\u00e4ngligheten, garantera att regler efterlevs samt att h\u00e4lso- och s\u00e4kerhetskrav uppfylls. Full koll dygnet runt Scania f\u00e4rdskrivarportal \u00e4r ett viktigt verktyg f\u00f6r att optimera produktiviteten. Du har tillg\u00e5ng till detaljerade rapporter och kalendrar som visar n\u00e4r [&hellip;]\" \/>\n<meta property=\"og:url\" content=\"https:\/\/motorcentralen.se\/scania\/service-tjanster\/fardskrivartjanster\/\" \/>\n<meta property=\"og:site_name\" content=\"Motorcentralen Ume\u00e5 Scania\" \/>\n<meta property=\"article:modified_time\" content=\"2023-10-27T12:25:58+00:00\" \/>\n<meta property=\"og:image\" content=\"https:\/\/motorcentralen.se\/scania\/wp-content\/uploads\/sites\/3\/2021\/10\/nyav8_1920x1080-1024x576.jpg\" \/>\n<meta name=\"twitter:card\" content=\"summary_large_image\" \/>\n<meta name=\"twitter:label1\" content=\"Ber\u00e4knad l\u00e4stid\" \/>\n\t<meta name=\"twitter:data1\" content=\"1 minut\" \/>\n<script type=\"application\/ld+json\" class=\"yoast-schema-graph\">{\"@context\":\"https:\\\/\\\/schema.org\",\"@graph\":[{\"@type\":\"WebPage\",\"@id\":\"https:\\\/\\\/motorcentralen.se\\\/scania\\\/service-tjanster\\\/fardskrivartjanster\\\/\",\"url\":\"https:\\\/\\\/motorcentralen.se\\\/scania\\\/service-tjanster\\\/fardskrivartjanster\\\/\",\"name\":\"F\u00e4rdskrivartj\u00e4nster - Motorcentralen Ume\u00e5 Scania\",\"isPartOf\":{\"@id\":\"https:\\\/\\\/motorcentralen.se\\\/scania\\\/#website\"},\"primaryImageOfPage\":{\"@id\":\"https:\\\/\\\/motorcentralen.se\\\/scania\\\/service-tjanster\\\/fardskrivartjanster\\\/#primaryimage\"},\"image\":{\"@id\":\"https:\\\/\\\/motorcentralen.se\\\/scania\\\/service-tjanster\\\/fardskrivartjanster\\\/#primaryimage\"},\"thumbnailUrl\":\"https:\\\/\\\/motorcentralen.se\\\/scania\\\/wp-content\\\/uploads\\\/sites\\\/3\\\/2021\\\/10\\\/nyav8_1920x1080-1024x576.jpg\",\"datePublished\":\"2018-08-15T12:18:15+00:00\",\"dateModified\":\"2023-10-27T12:25:58+00:00\",\"breadcrumb\":{\"@id\":\"https:\\\/\\\/motorcentralen.se\\\/scania\\\/service-tjanster\\\/fardskrivartjanster\\\/#breadcrumb\"},\"inLanguage\":\"sv-SE\",\"potentialAction\":[{\"@type\":\"ReadAction\",\"target\":[\"https:\\\/\\\/motorcentralen.se\\\/scania\\\/service-tjanster\\\/fardskrivartjanster\\\/\"]}]},{\"@type\":\"ImageObject\",\"inLanguage\":\"sv-SE\",\"@id\":\"https:\\\/\\\/motorcentralen.se\\\/scania\\\/service-tjanster\\\/fardskrivartjanster\\\/#primaryimage\",\"url\":\"https:\\\/\\\/motorcentralen.se\\\/scania\\\/wp-content\\\/uploads\\\/sites\\\/3\\\/2021\\\/10\\\/nyav8_1920x1080.jpg\",\"contentUrl\":\"https:\\\/\\\/motorcentralen.se\\\/scania\\\/wp-content\\\/uploads\\\/sites\\\/3\\\/2021\\\/10\\\/nyav8_1920x1080.jpg\",\"width\":1920,\"height\":1080,\"caption\":\"Motorcentralen i Ume\u00e5 - \u00c5terf\u00f6rs\u00e4ljare f\u00f6r Scania\"},{\"@type\":\"BreadcrumbList\",\"@id\":\"https:\\\/\\\/motorcentralen.se\\\/scania\\\/service-tjanster\\\/fardskrivartjanster\\\/#breadcrumb\",\"itemListElement\":[{\"@type\":\"ListItem\",\"position\":1,\"name\":\"Home\",\"item\":\"https:\\\/\\\/motorcentralen.se\\\/scania\\\/\"},{\"@type\":\"ListItem\",\"position\":2,\"name\":\"Service &amp; Tj\u00e4nster\",\"item\":\"https:\\\/\\\/motorcentralen.se\\\/scania\\\/service-tjanster\\\/\"},{\"@type\":\"ListItem\",\"position\":3,\"name\":\"F\u00e4rdskrivartj\u00e4nster\"}]},{\"@type\":\"WebSite\",\"@id\":\"https:\\\/\\\/motorcentralen.se\\\/scania\\\/#website\",\"url\":\"https:\\\/\\\/motorcentralen.se\\\/scania\\\/\",\"name\":\"Motorcentralen Ume\u00e5 Scania\",\"description\":\"Motorcentralen Ume\u00e5 Scania\",\"publisher\":{\"@id\":\"https:\\\/\\\/motorcentralen.se\\\/scania\\\/#organization\"},\"potentialAction\":[{\"@type\":\"SearchAction\",\"target\":{\"@type\":\"EntryPoint\",\"urlTemplate\":\"https:\\\/\\\/motorcentralen.se\\\/scania\\\/?s={search_term_string}\"},\"query-input\":{\"@type\":\"PropertyValueSpecification\",\"valueRequired\":true,\"valueName\":\"search_term_string\"}}],\"inLanguage\":\"sv-SE\"},{\"@type\":\"Organization\",\"@id\":\"https:\\\/\\\/motorcentralen.se\\\/scania\\\/#organization\",\"name\":\"Motorcentralen Ume\u00e5 Scania\",\"url\":\"https:\\\/\\\/motorcentralen.se\\\/scania\\\/\",\"logo\":{\"@type\":\"ImageObject\",\"inLanguage\":\"sv-SE\",\"@id\":\"https:\\\/\\\/motorcentralen.se\\\/scania\\\/#\\\/schema\\\/logo\\\/image\\\/\",\"url\":\"https:\\\/\\\/motorcentralen.se\\\/scania\\\/wp-content\\\/uploads\\\/sites\\\/3\\\/2024\\\/10\\\/Motorcentralen_Lastbilar_LOGO_white_rgb.svg\",\"contentUrl\":\"https:\\\/\\\/motorcentralen.se\\\/scania\\\/wp-content\\\/uploads\\\/sites\\\/3\\\/2024\\\/10\\\/Motorcentralen_Lastbilar_LOGO_white_rgb.svg\",\"width\":1165,\"height\":166,\"caption\":\"Motorcentralen Ume\u00e5 Scania\"},\"image\":{\"@id\":\"https:\\\/\\\/motorcentralen.se\\\/scania\\\/#\\\/schema\\\/logo\\\/image\\\/\"}}]}<\/script>\n<!-- \/ Yoast SEO plugin. -->","yoast_head_json":{"title":"F\u00e4rdskrivartj\u00e4nster - Motorcentralen Ume\u00e5 Scania","robots":{"index":"index","follow":"follow","max-snippet":"max-snippet:-1","max-image-preview":"max-image-preview:large","max-video-preview":"max-video-preview:-1"},"canonical":"https:\/\/motorcentralen.se\/scania\/service-tjanster\/fardskrivartjanster\/","og_locale":"sv_SE","og_type":"article","og_title":"F\u00e4rdskrivartj\u00e4nster - Motorcentralen Ume\u00e5 Scania","og_description":"F\u00e4rdskrivartj\u00e4nster Med Scanias f\u00e4rdskrivartj\u00e4nster f\u00e5r du inblick i f\u00f6raraktiviteter och fordonsanv\u00e4ndning. Med hj\u00e4lp av tydliga rapporter kan du maximera fordonstillg\u00e4ngligheten, garantera att regler efterlevs samt att h\u00e4lso- och s\u00e4kerhetskrav uppfylls. Full koll dygnet runt Scania f\u00e4rdskrivarportal \u00e4r ett viktigt verktyg f\u00f6r att optimera produktiviteten. Du har tillg\u00e5ng till detaljerade rapporter och kalendrar som visar n\u00e4r [&hellip;]","og_url":"https:\/\/motorcentralen.se\/scania\/service-tjanster\/fardskrivartjanster\/","og_site_name":"Motorcentralen Ume\u00e5 Scania","article_modified_time":"2023-10-27T12:25:58+00:00","og_image":[{"url":"https:\/\/motorcentralen.se\/scania\/wp-content\/uploads\/sites\/3\/2021\/10\/nyav8_1920x1080-1024x576.jpg","type":"","width":"","height":""}],"twitter_card":"summary_large_image","twitter_misc":{"Ber\u00e4knad l\u00e4stid":"1 minut"},"schema":{"@context":"https:\/\/schema.org","@graph":[{"@type":"WebPage","@id":"https:\/\/motorcentralen.se\/scania\/service-tjanster\/fardskrivartjanster\/","url":"https:\/\/motorcentralen.se\/scania\/service-tjanster\/fardskrivartjanster\/","name":"F\u00e4rdskrivartj\u00e4nster - Motorcentralen Ume\u00e5 Scania","isPartOf":{"@id":"https:\/\/motorcentralen.se\/scania\/#website"},"primaryImageOfPage":{"@id":"https:\/\/motorcentralen.se\/scania\/service-tjanster\/fardskrivartjanster\/#primaryimage"},"image":{"@id":"https:\/\/motorcentralen.se\/scania\/service-tjanster\/fardskrivartjanster\/#primaryimage"},"thumbnailUrl":"https:\/\/motorcentralen.se\/scania\/wp-content\/uploads\/sites\/3\/2021\/10\/nyav8_1920x1080-1024x576.jpg","datePublished":"2018-08-15T12:18:15+00:00","dateModified":"2023-10-27T12:25:58+00:00","breadcrumb":{"@id":"https:\/\/motorcentralen.se\/scania\/service-tjanster\/fardskrivartjanster\/#breadcrumb"},"inLanguage":"sv-SE","potentialAction":[{"@type":"ReadAction","target":["https:\/\/motorcentralen.se\/scania\/service-tjanster\/fardskrivartjanster\/"]}]},{"@type":"ImageObject","inLanguage":"sv-SE","@id":"https:\/\/motorcentralen.se\/scania\/service-tjanster\/fardskrivartjanster\/#primaryimage","url":"https:\/\/motorcentralen.se\/scania\/wp-content\/uploads\/sites\/3\/2021\/10\/nyav8_1920x1080.jpg","contentUrl":"https:\/\/motorcentralen.se\/scania\/wp-content\/uploads\/sites\/3\/2021\/10\/nyav8_1920x1080.jpg","width":1920,"height":1080,"caption":"Motorcentralen i Ume\u00e5 - \u00c5terf\u00f6rs\u00e4ljare f\u00f6r Scania"},{"@type":"BreadcrumbList","@id":"https:\/\/motorcentralen.se\/scania\/service-tjanster\/fardskrivartjanster\/#breadcrumb","itemListElement":[{"@type":"ListItem","position":1,"name":"Home","item":"https:\/\/motorcentralen.se\/scania\/"},{"@type":"ListItem","position":2,"name":"Service &amp; Tj\u00e4nster","item":"https:\/\/motorcentralen.se\/scania\/service-tjanster\/"},{"@type":"ListItem","position":3,"name":"F\u00e4rdskrivartj\u00e4nster"}]},{"@type":"WebSite","@id":"https:\/\/motorcentralen.se\/scania\/#website","url":"https:\/\/motorcentralen.se\/scania\/","name":"Motorcentralen Ume\u00e5 Scania","description":"Motorcentralen Ume\u00e5 Scania","publisher":{"@id":"https:\/\/motorcentralen.se\/scania\/#organization"},"potentialAction":[{"@type":"SearchAction","target":{"@type":"EntryPoint","urlTemplate":"https:\/\/motorcentralen.se\/scania\/?s={search_term_string}"},"query-input":{"@type":"PropertyValueSpecification","valueRequired":true,"valueName":"search_term_string"}}],"inLanguage":"sv-SE"},{"@type":"Organization","@id":"https:\/\/motorcentralen.se\/scania\/#organization","name":"Motorcentralen Ume\u00e5 Scania","url":"https:\/\/motorcentralen.se\/scania\/","logo":{"@type":"ImageObject","inLanguage":"sv-SE","@id":"https:\/\/motorcentralen.se\/scania\/#\/schema\/logo\/image\/","url":"https:\/\/motorcentralen.se\/scania\/wp-content\/uploads\/sites\/3\/2024\/10\/Motorcentralen_Lastbilar_LOGO_white_rgb.svg","contentUrl":"https:\/\/motorcentralen.se\/scania\/wp-content\/uploads\/sites\/3\/2024\/10\/Motorcentralen_Lastbilar_LOGO_white_rgb.svg","width":1165,"height":166,"caption":"Motorcentralen Ume\u00e5 Scania"},"image":{"@id":"https:\/\/motorcentralen.se\/scania\/#\/schema\/logo\/image\/"}}]}},"_links":{"self":[{"href":"https:\/\/motorcentralen.se\/scania\/wp-json\/wp\/v2\/pages\/440","targetHints":{"allow":["GET"]}}],"collection":[{"href":"https:\/\/motorcentralen.se\/scania\/wp-json\/wp\/v2\/pages"}],"about":[{"href":"https:\/\/motorcentralen.se\/scania\/wp-json\/wp\/v2\/types\/page"}],"author":[{"embeddable":true,"href":"https:\/\/motorcentralen.se\/scania\/wp-json\/wp\/v2\/users\/1"}],"replies":[{"embeddable":true,"href":"https:\/\/motorcentralen.se\/scania\/wp-json\/wp\/v2\/comments?post=440"}],"version-history":[{"count":53,"href":"https:\/\/motorcentralen.se\/scania\/wp-json\/wp\/v2\/pages\/440\/revisions"}],"predecessor-version":[{"id":17975,"href":"https:\/\/motorcentralen.se\/scania\/wp-json\/wp\/v2\/pages\/440\/revisions\/17975"}],"up":[{"embeddable":true,"href":"https:\/\/motorcentralen.se\/scania\/wp-json\/wp\/v2\/pages\/389"}],"wp:attachment":[{"href":"https:\/\/motorcentralen.se\/scania\/wp-json\/wp\/v2\/media?parent=440"}],"curies":[{"name":"wp","href":"https:\/\/api.w.org\/{rel}","templated":true}]}}