{"id":454,"date":"2018-08-15T12:20:04","date_gmt":"2018-08-15T12:20:04","guid":{"rendered":"https:\/\/motorcentralen.se\/lastbilar\/?page_id=454"},"modified":"2024-12-16T15:33:24","modified_gmt":"2024-12-16T14:33:24","slug":"buss-och-lastbilstvatt","status":"publish","type":"page","link":"https:\/\/motorcentralen.se\/scania\/service-tjanster\/buss-och-lastbilstvatt\/","title":{"rendered":"Buss och lastbilstv\u00e4tt"},"content":{"rendered":"\t\t<div data-elementor-type=\"wp-page\" data-elementor-id=\"454\" class=\"elementor elementor-454\" data-elementor-post-type=\"page\">\n\t\t\t\t<div class=\"elementor-element elementor-element-54fcf8a e-con-full e-flex e-con e-parent\" data-id=\"54fcf8a\" data-element_type=\"container\" data-e-type=\"container\" data-settings=\"{&quot;background_background&quot;:&quot;video&quot;,&quot;background_video_link&quot;:&quot;https:\\\/\\\/motorcentralen.se\\\/wp-content\\\/uploads\\\/2024\\\/10\\\/Tvatt-banner-1.mp4&quot;,&quot;background_play_on_mobile&quot;:&quot;yes&quot;}\">\n\t\t<div class=\"elementor-background-video-container\">\n\t\t\t\t\t\t\t<video class=\"elementor-background-video-hosted\" role=\"presentation\" autoplay muted playsinline loop><\/video>\n\t\t\t\t\t<\/div>\t\t<\/div>\n\t\t<div class=\"elementor-element elementor-element-12998bca e-flex e-con-boxed e-con e-parent\" data-id=\"12998bca\" data-element_type=\"container\" data-e-type=\"container\">\n\t\t\t\t\t<div class=\"e-con-inner\">\n\t\t<div class=\"elementor-element elementor-element-69423366 e-con-full e-flex e-con e-child\" data-id=\"69423366\" data-element_type=\"container\" data-e-type=\"container\">\n\t\t\t\t<div class=\"elementor-element elementor-element-1445bb0b elementor-widget elementor-widget-image\" data-id=\"1445bb0b\" data-element_type=\"widget\" data-e-type=\"widget\" data-widget_type=\"image.default\">\n\t\t\t\t<div class=\"elementor-widget-container\">\n\t\t\t\t\t\t\t\t\t\t\t\t\t\t\t<img fetchpriority=\"high\" decoding=\"async\" width=\"1024\" height=\"576\" src=\"https:\/\/motorcentralen.se\/scania\/wp-content\/uploads\/sites\/3\/2024\/10\/Tvatt-Scania-1024x576.jpg\" class=\"attachment-large size-large wp-image-18248\" alt=\"\" srcset=\"https:\/\/motorcentralen.se\/scania\/wp-content\/uploads\/sites\/3\/2024\/10\/Tvatt-Scania-1024x576.jpg 1024w, https:\/\/motorcentralen.se\/scania\/wp-content\/uploads\/sites\/3\/2024\/10\/Tvatt-Scania-300x169.jpg 300w, https:\/\/motorcentralen.se\/scania\/wp-content\/uploads\/sites\/3\/2024\/10\/Tvatt-Scania-768x432.jpg 768w, https:\/\/motorcentralen.se\/scania\/wp-content\/uploads\/sites\/3\/2024\/10\/Tvatt-Scania-1536x864.jpg 1536w, https:\/\/motorcentralen.se\/scania\/wp-content\/uploads\/sites\/3\/2024\/10\/Tvatt-Scania.jpg 1920w\" sizes=\"(max-width: 1024px) 100vw, 1024px\" \/>\t\t\t\t\t\t\t\t\t\t\t\t\t\t\t<\/div>\n\t\t\t\t<\/div>\n\t\t\t\t<\/div>\n\t\t<div class=\"elementor-element elementor-element-41adbd10 e-con-full e-flex e-con e-child\" data-id=\"41adbd10\" data-element_type=\"container\" data-e-type=\"container\">\n\t\t\t\t<div class=\"elementor-element elementor-element-75f00b06 elementor-widget elementor-widget-heading\" data-id=\"75f00b06\" data-element_type=\"widget\" data-e-type=\"widget\" data-widget_type=\"heading.default\">\n\t\t\t\t<div class=\"elementor-widget-container\">\n\t\t\t\t\t<h1 class=\"elementor-heading-title elementor-size-default\">Buss och lastbilstv\u00e4tt<\/h1>\t\t\t\t<\/div>\n\t\t\t\t<\/div>\n\t\t\t\t<div class=\"elementor-element elementor-element-771d818 ingress elementor-widget elementor-widget-text-editor\" data-id=\"771d818\" data-element_type=\"widget\" data-e-type=\"widget\" data-widget_type=\"text-editor.default\">\n\t\t\t\t<div class=\"elementor-widget-container\">\n\t\t\t\t\t\t\t\t\t<p>Hos oss kan du tv\u00e4tta allt fr\u00e5n buss, lastbil, l\u00e4tt lastbil och transportbil! Varken extraljus, rotorljuslampor, eller utskjutande speglar \u00e4r ett hinder f\u00f6r v\u00e5r Wash Control 3000.<\/p>\t\t\t\t\t\t\t\t<\/div>\n\t\t\t\t<\/div>\n\t\t\t\t<\/div>\n\t\t\t\t\t<\/div>\n\t\t\t\t<\/div>\n\t\t<div class=\"elementor-element elementor-element-236f5dd7 e-flex e-con-boxed e-con e-parent\" data-id=\"236f5dd7\" data-element_type=\"container\" data-e-type=\"container\" data-settings=\"{&quot;background_background&quot;:&quot;classic&quot;}\">\n\t\t\t\t\t<div class=\"e-con-inner\">\n\t\t\t\t<div class=\"elementor-element elementor-element-48f5ad51 elementor-widget elementor-widget-heading\" data-id=\"48f5ad51\" data-element_type=\"widget\" data-e-type=\"widget\" data-widget_type=\"heading.default\">\n\t\t\t\t<div class=\"elementor-widget-container\">\n\t\t\t\t\t<h2 class=\"elementor-heading-title elementor-size-default\">Har du inget tv\u00e4ttkort?<\/h2>\t\t\t\t<\/div>\n\t\t\t\t<\/div>\n\t\t\t\t<div class=\"elementor-element elementor-element-48a6b93b ingress elementor-widget elementor-widget-text-editor\" data-id=\"48a6b93b\" data-element_type=\"widget\" data-e-type=\"widget\" data-widget_type=\"text-editor.default\">\n\t\t\t\t<div class=\"elementor-widget-container\">\n\t\t\t\t\t\t\t\t\t<p>Inga problem! Du \u00e4r varmt v\u00e4lkommen att bes\u00f6ka oss s\u00e5 hj\u00e4lper vi dig att komma ig\u00e5ng.<\/p>\t\t\t\t\t\t\t\t<\/div>\n\t\t\t\t<\/div>\n\t\t\t\t\t<\/div>\n\t\t\t\t<\/div>\n\t\t<div class=\"elementor-element elementor-element-41ae27e4 e-flex e-con-boxed e-con e-parent\" data-id=\"41ae27e4\" data-element_type=\"container\" data-e-type=\"container\">\n\t\t\t\t\t<div class=\"e-con-inner\">\n\t\t<div class=\"elementor-element elementor-element-754e4c26 e-con-full e-flex e-con e-child\" data-id=\"754e4c26\" data-element_type=\"container\" data-e-type=\"container\">\n\t\t<div class=\"elementor-element elementor-element-7678022a e-flex e-con-boxed e-con e-child\" data-id=\"7678022a\" data-element_type=\"container\" data-e-type=\"container\">\n\t\t\t\t\t<div class=\"e-con-inner\">\n\t\t<div class=\"elementor-element elementor-element-68ae5014 e-flex e-con-boxed e-con e-child\" data-id=\"68ae5014\" data-element_type=\"container\" data-e-type=\"container\">\n\t\t\t\t\t<div class=\"e-con-inner\">\n\t\t\t\t<div class=\"elementor-element elementor-element-2ad7dd8d elementor-widget elementor-widget-heading\" data-id=\"2ad7dd8d\" data-element_type=\"widget\" data-e-type=\"widget\" data-widget_type=\"heading.default\">\n\t\t\t\t<div class=\"elementor-widget-container\">\n\t\t\t\t\t<h2 class=\"elementor-heading-title elementor-size-default\">Hur fungerar Wash Control 3000?<\/h2>\t\t\t\t<\/div>\n\t\t\t\t<\/div>\n\t\t\t\t<div class=\"elementor-element elementor-element-7c01f0a2 elementor-widget elementor-widget-text-editor\" data-id=\"7c01f0a2\" data-element_type=\"widget\" data-e-type=\"widget\" data-widget_type=\"text-editor.default\">\n\t\t\t\t<div class=\"elementor-widget-container\">\n\t\t\t\t\t\t\t\t\t<p>Ditt tv\u00e4ttkort med personlig PIN-kod ger dig enkel tillg\u00e5ng till tv\u00e4tthallen dygnet runt p\u00e5 \u00e5ret. I hallen styrs hela tv\u00e4ttprocessen fr\u00e5n v\u00e5r Wash Control 3000 som inneh\u00e5ller sj\u00e4lvbetj\u00e4ning- manuell- och serviceprogram. D\u00e4r v\u00e4ljer du sj\u00e4lv om du utg\u00e5r fr\u00e5n ett f\u00e4rdigt program som du vill k\u00f6ra. Efter avslutad tv\u00e4tt skriver Wash Control 3000 ut ett kvitto p\u00e5 utf\u00f6rd tv\u00e4tt.<\/p>\t\t\t\t\t\t\t\t<\/div>\n\t\t\t\t<\/div>\n\t\t\t\t\t<\/div>\n\t\t\t\t<\/div>\n\t\t<div class=\"elementor-element elementor-element-16c82ce3 e-flex e-con-boxed e-con e-child\" data-id=\"16c82ce3\" data-element_type=\"container\" data-e-type=\"container\">\n\t\t\t\t\t<div class=\"e-con-inner\">\n\t\t\t\t<div class=\"elementor-element elementor-element-36cac650 elementor-widget elementor-widget-image\" data-id=\"36cac650\" data-element_type=\"widget\" data-e-type=\"widget\" data-widget_type=\"image.default\">\n\t\t\t\t<div class=\"elementor-widget-container\">\n\t\t\t\t\t\t\t\t\t\t\t\t\t\t\t<img decoding=\"async\" width=\"1024\" height=\"576\" src=\"https:\/\/motorcentralen.se\/scania\/wp-content\/uploads\/sites\/3\/2024\/12\/Tvatt_scania-3-1024x576.jpg\" class=\"attachment-large size-large wp-image-18270\" alt=\"\" srcset=\"https:\/\/motorcentralen.se\/scania\/wp-content\/uploads\/sites\/3\/2024\/12\/Tvatt_scania-3-1024x576.jpg 1024w, https:\/\/motorcentralen.se\/scania\/wp-content\/uploads\/sites\/3\/2024\/12\/Tvatt_scania-3-300x169.jpg 300w, https:\/\/motorcentralen.se\/scania\/wp-content\/uploads\/sites\/3\/2024\/12\/Tvatt_scania-3-768x432.jpg 768w, https:\/\/motorcentralen.se\/scania\/wp-content\/uploads\/sites\/3\/2024\/12\/Tvatt_scania-3-1536x864.jpg 1536w, https:\/\/motorcentralen.se\/scania\/wp-content\/uploads\/sites\/3\/2024\/12\/Tvatt_scania-3.jpg 1920w\" sizes=\"(max-width: 1024px) 100vw, 1024px\" \/>\t\t\t\t\t\t\t\t\t\t\t\t\t\t\t<\/div>\n\t\t\t\t<\/div>\n\t\t\t\t\t<\/div>\n\t\t\t\t<\/div>\n\t\t\t\t\t<\/div>\n\t\t\t\t<\/div>\n\t\t\t\t<\/div>\n\t\t\t\t\t<\/div>\n\t\t\t\t<\/div>\n\t\t\t\t<\/div>\n\t\t","protected":false},"excerpt":{"rendered":"<p>Buss och lastbilstv\u00e4tt Hos oss kan du tv\u00e4tta allt fr\u00e5n buss, lastbil, l\u00e4tt lastbil och transportbil! Varken extraljus, rotorljuslampor, eller utskjutande speglar \u00e4r ett hinder f\u00f6r v\u00e5r Wash Control 3000. Har du inget tv\u00e4ttkort? Inga problem! Du \u00e4r varmt v\u00e4lkommen att bes\u00f6ka oss s\u00e5 hj\u00e4lper vi dig att komma ig\u00e5ng. Hur fungerar Wash Control 3000? [&hellip;]<\/p>\n","protected":false},"author":1,"featured_media":0,"parent":389,"menu_order":0,"comment_status":"closed","ping_status":"closed","template":"","meta":{"_acf_changed":false,"site-sidebar-layout":"no-sidebar","site-content-layout":"","ast-site-content-layout":"full-width-container","site-content-style":"default","site-sidebar-style":"default","ast-global-header-display":"","ast-banner-title-visibility":"","ast-main-header-display":"","ast-hfb-above-header-display":"","ast-hfb-below-header-display":"","ast-hfb-mobile-header-display":"","site-post-title":"disabled","ast-breadcrumbs-content":"","ast-featured-img":"disabled","footer-sml-layout":"","ast-disable-related-posts":"","theme-transparent-header-meta":"default","adv-header-id-meta":"","stick-header-meta":"","header-above-stick-meta":"","header-main-stick-meta":"","header-below-stick-meta":"","astra-migrate-meta-layouts":"set","ast-page-background-enabled":"default","ast-page-background-meta":{"desktop":{"background-color":"var(--ast-global-color-4)","background-image":"","background-repeat":"repeat","background-position":"center center","background-size":"auto","background-attachment":"scroll","background-type":"","background-media":"","overlay-type":"","overlay-color":"","overlay-opacity":"","overlay-gradient":""},"tablet":{"background-color":"","background-image":"","background-repeat":"repeat","background-position":"center center","background-size":"auto","background-attachment":"scroll","background-type":"","background-media":"","overlay-type":"","overlay-color":"","overlay-opacity":"","overlay-gradient":""},"mobile":{"background-color":"","background-image":"","background-repeat":"repeat","background-position":"center center","background-size":"auto","background-attachment":"scroll","background-type":"","background-media":"","overlay-type":"","overlay-color":"","overlay-opacity":"","overlay-gradient":""}},"ast-content-background-meta":{"desktop":{"background-color":"var(--ast-global-color-5)","background-image":"","background-repeat":"repeat","background-position":"center center","background-size":"auto","background-attachment":"scroll","background-type":"","background-media":"","overlay-type":"","overlay-color":"","overlay-opacity":"","overlay-gradient":""},"tablet":{"background-color":"var(--ast-global-color-5)","background-image":"","background-repeat":"repeat","background-position":"center center","background-size":"auto","background-attachment":"scroll","background-type":"","background-media":"","overlay-type":"","overlay-color":"","overlay-opacity":"","overlay-gradient":""},"mobile":{"background-color":"var(--ast-global-color-5)","background-image":"","background-repeat":"repeat","background-position":"center center","background-size":"auto","background-attachment":"scroll","background-type":"","background-media":"","overlay-type":"","overlay-color":"","overlay-opacity":"","overlay-gradient":""}},"footnotes":""},"class_list":["post-454","page","type-page","status-publish","hentry"],"acf":[],"yoast_head":"<!-- This site is optimized with the Yoast SEO plugin v27.4 - https:\/\/yoast.com\/product\/yoast-seo-wordpress\/ -->\n<title>Buss och lastbilstv\u00e4tt - Motorcentralen Ume\u00e5 Scania<\/title>\n<meta name=\"robots\" content=\"index, follow, max-snippet:-1, max-image-preview:large, max-video-preview:-1\" \/>\n<link rel=\"canonical\" href=\"https:\/\/motorcentralen.se\/scania\/service-tjanster\/buss-och-lastbilstvatt\/\" \/>\n<meta property=\"og:locale\" content=\"sv_SE\" \/>\n<meta property=\"og:type\" content=\"article\" \/>\n<meta property=\"og:title\" content=\"Buss och lastbilstv\u00e4tt - Motorcentralen Ume\u00e5 Scania\" \/>\n<meta property=\"og:description\" content=\"Buss och lastbilstv\u00e4tt Hos oss kan du tv\u00e4tta allt fr\u00e5n buss, lastbil, l\u00e4tt lastbil och transportbil! Varken extraljus, rotorljuslampor, eller utskjutande speglar \u00e4r ett hinder f\u00f6r v\u00e5r Wash Control 3000. Har du inget tv\u00e4ttkort? Inga problem! Du \u00e4r varmt v\u00e4lkommen att bes\u00f6ka oss s\u00e5 hj\u00e4lper vi dig att komma ig\u00e5ng. Hur fungerar Wash Control 3000? [&hellip;]\" \/>\n<meta property=\"og:url\" content=\"https:\/\/motorcentralen.se\/scania\/service-tjanster\/buss-och-lastbilstvatt\/\" \/>\n<meta property=\"og:site_name\" content=\"Motorcentralen Ume\u00e5 Scania\" \/>\n<meta property=\"article:modified_time\" content=\"2024-12-16T14:33:24+00:00\" \/>\n<meta property=\"og:image\" content=\"https:\/\/motorcentralen.se\/scania\/wp-content\/uploads\/sites\/3\/2024\/10\/Tvatt-Scania-1024x576.jpg\" \/>\n<meta name=\"twitter:card\" content=\"summary_large_image\" \/>\n<meta name=\"twitter:label1\" content=\"Ber\u00e4knad l\u00e4stid\" \/>\n\t<meta name=\"twitter:data1\" content=\"1 minut\" \/>\n<script type=\"application\/ld+json\" class=\"yoast-schema-graph\">{\"@context\":\"https:\\\/\\\/schema.org\",\"@graph\":[{\"@type\":\"WebPage\",\"@id\":\"https:\\\/\\\/motorcentralen.se\\\/scania\\\/service-tjanster\\\/buss-och-lastbilstvatt\\\/\",\"url\":\"https:\\\/\\\/motorcentralen.se\\\/scania\\\/service-tjanster\\\/buss-och-lastbilstvatt\\\/\",\"name\":\"Buss och lastbilstv\u00e4tt - Motorcentralen Ume\u00e5 Scania\",\"isPartOf\":{\"@id\":\"https:\\\/\\\/motorcentralen.se\\\/scania\\\/#website\"},\"primaryImageOfPage\":{\"@id\":\"https:\\\/\\\/motorcentralen.se\\\/scania\\\/service-tjanster\\\/buss-och-lastbilstvatt\\\/#primaryimage\"},\"image\":{\"@id\":\"https:\\\/\\\/motorcentralen.se\\\/scania\\\/service-tjanster\\\/buss-och-lastbilstvatt\\\/#primaryimage\"},\"thumbnailUrl\":\"https:\\\/\\\/motorcentralen.se\\\/scania\\\/wp-content\\\/uploads\\\/sites\\\/3\\\/2024\\\/10\\\/Tvatt-Scania-1024x576.jpg\",\"datePublished\":\"2018-08-15T12:20:04+00:00\",\"dateModified\":\"2024-12-16T14:33:24+00:00\",\"breadcrumb\":{\"@id\":\"https:\\\/\\\/motorcentralen.se\\\/scania\\\/service-tjanster\\\/buss-och-lastbilstvatt\\\/#breadcrumb\"},\"inLanguage\":\"sv-SE\",\"potentialAction\":[{\"@type\":\"ReadAction\",\"target\":[\"https:\\\/\\\/motorcentralen.se\\\/scania\\\/service-tjanster\\\/buss-och-lastbilstvatt\\\/\"]}]},{\"@type\":\"ImageObject\",\"inLanguage\":\"sv-SE\",\"@id\":\"https:\\\/\\\/motorcentralen.se\\\/scania\\\/service-tjanster\\\/buss-och-lastbilstvatt\\\/#primaryimage\",\"url\":\"https:\\\/\\\/motorcentralen.se\\\/scania\\\/wp-content\\\/uploads\\\/sites\\\/3\\\/2024\\\/10\\\/Tvatt-Scania.jpg\",\"contentUrl\":\"https:\\\/\\\/motorcentralen.se\\\/scania\\\/wp-content\\\/uploads\\\/sites\\\/3\\\/2024\\\/10\\\/Tvatt-Scania.jpg\",\"width\":1920,\"height\":1080},{\"@type\":\"BreadcrumbList\",\"@id\":\"https:\\\/\\\/motorcentralen.se\\\/scania\\\/service-tjanster\\\/buss-och-lastbilstvatt\\\/#breadcrumb\",\"itemListElement\":[{\"@type\":\"ListItem\",\"position\":1,\"name\":\"Home\",\"item\":\"https:\\\/\\\/motorcentralen.se\\\/scania\\\/\"},{\"@type\":\"ListItem\",\"position\":2,\"name\":\"Service &amp; Tj\u00e4nster\",\"item\":\"https:\\\/\\\/motorcentralen.se\\\/scania\\\/service-tjanster\\\/\"},{\"@type\":\"ListItem\",\"position\":3,\"name\":\"Buss och lastbilstv\u00e4tt\"}]},{\"@type\":\"WebSite\",\"@id\":\"https:\\\/\\\/motorcentralen.se\\\/scania\\\/#website\",\"url\":\"https:\\\/\\\/motorcentralen.se\\\/scania\\\/\",\"name\":\"Motorcentralen Ume\u00e5 Scania\",\"description\":\"Motorcentralen Ume\u00e5 Scania\",\"publisher\":{\"@id\":\"https:\\\/\\\/motorcentralen.se\\\/scania\\\/#organization\"},\"potentialAction\":[{\"@type\":\"SearchAction\",\"target\":{\"@type\":\"EntryPoint\",\"urlTemplate\":\"https:\\\/\\\/motorcentralen.se\\\/scania\\\/?s={search_term_string}\"},\"query-input\":{\"@type\":\"PropertyValueSpecification\",\"valueRequired\":true,\"valueName\":\"search_term_string\"}}],\"inLanguage\":\"sv-SE\"},{\"@type\":\"Organization\",\"@id\":\"https:\\\/\\\/motorcentralen.se\\\/scania\\\/#organization\",\"name\":\"Motorcentralen Ume\u00e5 Scania\",\"url\":\"https:\\\/\\\/motorcentralen.se\\\/scania\\\/\",\"logo\":{\"@type\":\"ImageObject\",\"inLanguage\":\"sv-SE\",\"@id\":\"https:\\\/\\\/motorcentralen.se\\\/scania\\\/#\\\/schema\\\/logo\\\/image\\\/\",\"url\":\"https:\\\/\\\/motorcentralen.se\\\/scania\\\/wp-content\\\/uploads\\\/sites\\\/3\\\/2024\\\/10\\\/Motorcentralen_Lastbilar_LOGO_white_rgb.svg\",\"contentUrl\":\"https:\\\/\\\/motorcentralen.se\\\/scania\\\/wp-content\\\/uploads\\\/sites\\\/3\\\/2024\\\/10\\\/Motorcentralen_Lastbilar_LOGO_white_rgb.svg\",\"width\":1165,\"height\":166,\"caption\":\"Motorcentralen Ume\u00e5 Scania\"},\"image\":{\"@id\":\"https:\\\/\\\/motorcentralen.se\\\/scania\\\/#\\\/schema\\\/logo\\\/image\\\/\"}}]}<\/script>\n<!-- \/ Yoast SEO plugin. -->","yoast_head_json":{"title":"Buss och lastbilstv\u00e4tt - Motorcentralen Ume\u00e5 Scania","robots":{"index":"index","follow":"follow","max-snippet":"max-snippet:-1","max-image-preview":"max-image-preview:large","max-video-preview":"max-video-preview:-1"},"canonical":"https:\/\/motorcentralen.se\/scania\/service-tjanster\/buss-och-lastbilstvatt\/","og_locale":"sv_SE","og_type":"article","og_title":"Buss och lastbilstv\u00e4tt - Motorcentralen Ume\u00e5 Scania","og_description":"Buss och lastbilstv\u00e4tt Hos oss kan du tv\u00e4tta allt fr\u00e5n buss, lastbil, l\u00e4tt lastbil och transportbil! Varken extraljus, rotorljuslampor, eller utskjutande speglar \u00e4r ett hinder f\u00f6r v\u00e5r Wash Control 3000. Har du inget tv\u00e4ttkort? Inga problem! Du \u00e4r varmt v\u00e4lkommen att bes\u00f6ka oss s\u00e5 hj\u00e4lper vi dig att komma ig\u00e5ng. Hur fungerar Wash Control 3000? [&hellip;]","og_url":"https:\/\/motorcentralen.se\/scania\/service-tjanster\/buss-och-lastbilstvatt\/","og_site_name":"Motorcentralen Ume\u00e5 Scania","article_modified_time":"2024-12-16T14:33:24+00:00","og_image":[{"url":"https:\/\/motorcentralen.se\/scania\/wp-content\/uploads\/sites\/3\/2024\/10\/Tvatt-Scania-1024x576.jpg","type":"","width":"","height":""}],"twitter_card":"summary_large_image","twitter_misc":{"Ber\u00e4knad l\u00e4stid":"1 minut"},"schema":{"@context":"https:\/\/schema.org","@graph":[{"@type":"WebPage","@id":"https:\/\/motorcentralen.se\/scania\/service-tjanster\/buss-och-lastbilstvatt\/","url":"https:\/\/motorcentralen.se\/scania\/service-tjanster\/buss-och-lastbilstvatt\/","name":"Buss och lastbilstv\u00e4tt - Motorcentralen Ume\u00e5 Scania","isPartOf":{"@id":"https:\/\/motorcentralen.se\/scania\/#website"},"primaryImageOfPage":{"@id":"https:\/\/motorcentralen.se\/scania\/service-tjanster\/buss-och-lastbilstvatt\/#primaryimage"},"image":{"@id":"https:\/\/motorcentralen.se\/scania\/service-tjanster\/buss-och-lastbilstvatt\/#primaryimage"},"thumbnailUrl":"https:\/\/motorcentralen.se\/scania\/wp-content\/uploads\/sites\/3\/2024\/10\/Tvatt-Scania-1024x576.jpg","datePublished":"2018-08-15T12:20:04+00:00","dateModified":"2024-12-16T14:33:24+00:00","breadcrumb":{"@id":"https:\/\/motorcentralen.se\/scania\/service-tjanster\/buss-och-lastbilstvatt\/#breadcrumb"},"inLanguage":"sv-SE","potentialAction":[{"@type":"ReadAction","target":["https:\/\/motorcentralen.se\/scania\/service-tjanster\/buss-och-lastbilstvatt\/"]}]},{"@type":"ImageObject","inLanguage":"sv-SE","@id":"https:\/\/motorcentralen.se\/scania\/service-tjanster\/buss-och-lastbilstvatt\/#primaryimage","url":"https:\/\/motorcentralen.se\/scania\/wp-content\/uploads\/sites\/3\/2024\/10\/Tvatt-Scania.jpg","contentUrl":"https:\/\/motorcentralen.se\/scania\/wp-content\/uploads\/sites\/3\/2024\/10\/Tvatt-Scania.jpg","width":1920,"height":1080},{"@type":"BreadcrumbList","@id":"https:\/\/motorcentralen.se\/scania\/service-tjanster\/buss-och-lastbilstvatt\/#breadcrumb","itemListElement":[{"@type":"ListItem","position":1,"name":"Home","item":"https:\/\/motorcentralen.se\/scania\/"},{"@type":"ListItem","position":2,"name":"Service &amp; Tj\u00e4nster","item":"https:\/\/motorcentralen.se\/scania\/service-tjanster\/"},{"@type":"ListItem","position":3,"name":"Buss och lastbilstv\u00e4tt"}]},{"@type":"WebSite","@id":"https:\/\/motorcentralen.se\/scania\/#website","url":"https:\/\/motorcentralen.se\/scania\/","name":"Motorcentralen Ume\u00e5 Scania","description":"Motorcentralen Ume\u00e5 Scania","publisher":{"@id":"https:\/\/motorcentralen.se\/scania\/#organization"},"potentialAction":[{"@type":"SearchAction","target":{"@type":"EntryPoint","urlTemplate":"https:\/\/motorcentralen.se\/scania\/?s={search_term_string}"},"query-input":{"@type":"PropertyValueSpecification","valueRequired":true,"valueName":"search_term_string"}}],"inLanguage":"sv-SE"},{"@type":"Organization","@id":"https:\/\/motorcentralen.se\/scania\/#organization","name":"Motorcentralen Ume\u00e5 Scania","url":"https:\/\/motorcentralen.se\/scania\/","logo":{"@type":"ImageObject","inLanguage":"sv-SE","@id":"https:\/\/motorcentralen.se\/scania\/#\/schema\/logo\/image\/","url":"https:\/\/motorcentralen.se\/scania\/wp-content\/uploads\/sites\/3\/2024\/10\/Motorcentralen_Lastbilar_LOGO_white_rgb.svg","contentUrl":"https:\/\/motorcentralen.se\/scania\/wp-content\/uploads\/sites\/3\/2024\/10\/Motorcentralen_Lastbilar_LOGO_white_rgb.svg","width":1165,"height":166,"caption":"Motorcentralen Ume\u00e5 Scania"},"image":{"@id":"https:\/\/motorcentralen.se\/scania\/#\/schema\/logo\/image\/"}}]}},"_links":{"self":[{"href":"https:\/\/motorcentralen.se\/scania\/wp-json\/wp\/v2\/pages\/454","targetHints":{"allow":["GET"]}}],"collection":[{"href":"https:\/\/motorcentralen.se\/scania\/wp-json\/wp\/v2\/pages"}],"about":[{"href":"https:\/\/motorcentralen.se\/scania\/wp-json\/wp\/v2\/types\/page"}],"author":[{"embeddable":true,"href":"https:\/\/motorcentralen.se\/scania\/wp-json\/wp\/v2\/users\/1"}],"replies":[{"embeddable":true,"href":"https:\/\/motorcentralen.se\/scania\/wp-json\/wp\/v2\/comments?post=454"}],"version-history":[{"count":35,"href":"https:\/\/motorcentralen.se\/scania\/wp-json\/wp\/v2\/pages\/454\/revisions"}],"predecessor-version":[{"id":18274,"href":"https:\/\/motorcentralen.se\/scania\/wp-json\/wp\/v2\/pages\/454\/revisions\/18274"}],"up":[{"embeddable":true,"href":"https:\/\/motorcentralen.se\/scania\/wp-json\/wp\/v2\/pages\/389"}],"wp:attachment":[{"href":"https:\/\/motorcentralen.se\/scania\/wp-json\/wp\/v2\/media?parent=454"}],"curies":[{"name":"wp","href":"https:\/\/api.w.org\/{rel}","templated":true}]}}