{"id":608,"date":"2018-10-03T07:31:12","date_gmt":"2018-10-03T07:31:12","guid":{"rendered":"https:\/\/motorcentralen.se\/scania\/?page_id=608"},"modified":"2025-09-22T15:10:57","modified_gmt":"2025-09-22T13:10:57","slug":"tillbehor-och-reservdelar","status":"publish","type":"page","link":"https:\/\/motorcentralen.se\/scania\/tillbehor-och-reservdelar\/","title":{"rendered":"Tillbeh\u00f6r och reservdelar"},"content":{"rendered":"\t\t<div data-elementor-type=\"wp-page\" data-elementor-id=\"608\" class=\"elementor elementor-608\" data-elementor-post-type=\"page\">\n\t\t\t\t<div class=\"elementor-element elementor-element-ee57691 elementor-hidden-desktop elementor-hidden-tablet elementor-hidden-mobile e-flex e-con-boxed e-con e-parent\" data-id=\"ee57691\" data-element_type=\"container\" data-e-type=\"container\">\n\t\t\t\t\t<div class=\"e-con-inner\">\n\t\t<div class=\"elementor-element elementor-element-de2f339 e-flex e-con-boxed e-con e-child\" data-id=\"de2f339\" data-element_type=\"container\" data-e-type=\"container\">\n\t\t\t\t\t<div class=\"e-con-inner\">\n\t\t<div class=\"elementor-element elementor-element-0f1486a e-con-full e-flex e-con e-child\" data-id=\"0f1486a\" data-element_type=\"container\" data-e-type=\"container\">\n\t\t\t\t<div class=\"elementor-element elementor-element-9c265c9 elementor-widget elementor-widget-heading\" data-id=\"9c265c9\" data-element_type=\"widget\" data-e-type=\"widget\" data-widget_type=\"heading.default\">\n\t\t\t\t<div class=\"elementor-widget-container\">\n\t\t\t\t\t<h1 class=\"elementor-heading-title elementor-size-default\">Tillbeh\u00f6r och reservdelar<\/h1>\t\t\t\t<\/div>\n\t\t\t\t<\/div>\n\t\t\t\t<div class=\"elementor-element elementor-element-0acf7d3 elementor-widget elementor-widget-jet-listing-grid\" data-id=\"0acf7d3\" data-element_type=\"widget\" data-e-type=\"widget\" data-settings=\"{&quot;columns_tablet&quot;:&quot;2&quot;,&quot;columns_mobile&quot;:&quot;1&quot;,&quot;columns&quot;:3}\" data-widget_type=\"jet-listing-grid.default\">\n\t\t\t\t<div class=\"elementor-widget-container\">\n\t\t\t\t\t<div class=\"jet-listing-grid jet-listing\"><div class=\"jet-listing-grid__items grid-col-desk-3 grid-col-tablet-2 grid-col-mobile-1 jet-listing-grid--15239\" data-queried-id=\"608|WP_Post\" data-nav=\"{&quot;enabled&quot;:false,&quot;type&quot;:null,&quot;more_el&quot;:null,&quot;query&quot;:[],&quot;widget_settings&quot;:{&quot;lisitng_id&quot;:15239,&quot;posts_num&quot;:3,&quot;columns&quot;:3,&quot;columns_tablet&quot;:2,&quot;columns_mobile&quot;:1,&quot;column_min_width&quot;:240,&quot;column_min_width_tablet&quot;:240,&quot;column_min_width_mobile&quot;:240,&quot;inline_columns_css&quot;:false,&quot;is_archive_template&quot;:&quot;&quot;,&quot;post_status&quot;:[&quot;publish&quot;],&quot;use_random_posts_num&quot;:&quot;&quot;,&quot;max_posts_num&quot;:9,&quot;not_found_message&quot;:&quot;No data was found&quot;,&quot;is_masonry&quot;:false,&quot;equal_columns_height&quot;:&quot;&quot;,&quot;use_load_more&quot;:&quot;&quot;,&quot;load_more_id&quot;:&quot;&quot;,&quot;load_more_type&quot;:&quot;click&quot;,&quot;load_more_offset&quot;:null,&quot;use_custom_post_types&quot;:&quot;&quot;,&quot;custom_post_types&quot;:[],&quot;hide_widget_if&quot;:&quot;&quot;,&quot;carousel_enabled&quot;:&quot;&quot;,&quot;slides_to_scroll&quot;:&quot;1&quot;,&quot;arrows&quot;:&quot;true&quot;,&quot;arrow_icon&quot;:&quot;fa fa-angle-left&quot;,&quot;dots&quot;:&quot;&quot;,&quot;autoplay&quot;:&quot;true&quot;,&quot;pause_on_hover&quot;:&quot;true&quot;,&quot;autoplay_speed&quot;:5000,&quot;infinite&quot;:&quot;true&quot;,&quot;center_mode&quot;:&quot;&quot;,&quot;effect&quot;:&quot;slide&quot;,&quot;speed&quot;:500,&quot;inject_alternative_items&quot;:&quot;&quot;,&quot;injection_items&quot;:[],&quot;scroll_slider_enabled&quot;:&quot;&quot;,&quot;scroll_slider_on&quot;:[&quot;desktop&quot;,&quot;tablet&quot;,&quot;mobile&quot;],&quot;custom_query&quot;:false,&quot;custom_query_id&quot;:&quot;&quot;,&quot;_element_id&quot;:&quot;&quot;,&quot;collapse_first_last_gap&quot;:false,&quot;list_tag_selection&quot;:&quot;&quot;,&quot;list_items_wrapper_tag&quot;:&quot;div&quot;,&quot;list_item_tag&quot;:&quot;div&quot;,&quot;empty_items_wrapper_tag&quot;:&quot;div&quot;}}\" data-page=\"1\" data-pages=\"1\" data-listing-source=\"posts\" data-listing-id=\"15239\" data-query-id=\"\"><div class=\"jet-listing-grid__item jet-listing-dynamic-post-735\" data-post-id=\"735\"  ><div class=\"jet-engine-listing-overlay-wrap\" data-url=\"https:\/\/motorcentralen.se\/scania\/tillbeh\u00f6r\/spannband-5-ton\/\">\t\t<div data-elementor-type=\"jet-listing-items\" data-elementor-id=\"15239\" class=\"elementor elementor-15239\" data-elementor-post-type=\"jet-engine\">\n\t\t\t\t<div class=\"elementor-element elementor-element-bf333ce tillbehor e-flex e-con-boxed e-con e-parent\" data-id=\"bf333ce\" data-element_type=\"container\" data-e-type=\"container\">\n\t\t\t\t\t<div class=\"e-con-inner\">\n\t\t\t\t<div class=\"elementor-element elementor-element-e8104d4 elementor-widget elementor-widget-image\" data-id=\"e8104d4\" data-element_type=\"widget\" data-e-type=\"widget\" data-widget_type=\"image.default\">\n\t\t\t\t<div class=\"elementor-widget-container\">\n\t\t\t\t\t\t\t\t\t\t\t\t\t\t\t<img decoding=\"async\" src=\"https:\/\/motorcentralen.se\/scania\/wp-content\/uploads\/sites\/3\/2018\/10\/2397641.jpg\" title=\"\" alt=\"\" loading=\"lazy\" \/>\t\t\t\t\t\t\t\t\t\t\t\t\t\t\t<\/div>\n\t\t\t\t<\/div>\n\t\t\t\t<div class=\"elementor-element elementor-element-97d1bfb elementor-widget elementor-widget-heading\" data-id=\"97d1bfb\" data-element_type=\"widget\" data-e-type=\"widget\" data-widget_type=\"heading.default\">\n\t\t\t\t<div class=\"elementor-widget-container\">\n\t\t\t\t\t<h3 class=\"elementor-heading-title elementor-size-default\">Sp\u00e4nnband 5 ton<\/h3>\t\t\t\t<\/div>\n\t\t\t\t<\/div>\n\t\t<div class=\"elementor-element elementor-element-f1fe5f7 e-flex e-con-boxed e-con e-child\" data-id=\"f1fe5f7\" data-element_type=\"container\" data-e-type=\"container\">\n\t\t\t\t\t<div class=\"e-con-inner\">\n\t\t\t\t<div class=\"elementor-element elementor-element-78d940a elementor-widget elementor-widget-jet-listing-dynamic-field\" data-id=\"78d940a\" data-element_type=\"widget\" data-e-type=\"widget\" data-widget_type=\"jet-listing-dynamic-field.default\">\n\t\t\t\t<div class=\"elementor-widget-container\">\n\t\t\t\t\t<div class=\"jet-listing jet-listing-dynamic-field display-inline\"><div class=\"jet-listing-dynamic-field__inline-wrap\"><div class=\"jet-listing-dynamic-field__content\" >119 kr<\/div><\/div><\/div>\t\t\t\t<\/div>\n\t\t\t\t<\/div>\n\t\t\t\t\t<\/div>\n\t\t\t\t<\/div>\n\t\t\t\t\t<\/div>\n\t\t\t\t<\/div>\n\t\t\t\t<\/div>\n\t\t<a href=\"https:\/\/motorcentralen.se\/scania\/tillbeh\u00f6r\/spannband-5-ton\/\" class=\"jet-engine-listing-overlay-link\"><\/a><\/div><\/div><div class=\"jet-listing-grid__item jet-listing-dynamic-post-733\" data-post-id=\"733\"  ><div class=\"jet-engine-listing-overlay-wrap\" data-url=\"https:\/\/motorcentralen.se\/scania\/tillbeh\u00f6r\/torkarbladsats\/\">\t\t<div data-elementor-type=\"jet-listing-items\" data-elementor-id=\"15239\" class=\"elementor elementor-15239\" data-elementor-post-type=\"jet-engine\">\n\t\t\t\t<div class=\"elementor-element elementor-element-bf333ce tillbehor e-flex e-con-boxed e-con e-parent\" data-id=\"bf333ce\" data-element_type=\"container\" data-e-type=\"container\">\n\t\t\t\t\t<div class=\"e-con-inner\">\n\t\t\t\t<div class=\"elementor-element elementor-element-e8104d4 elementor-widget elementor-widget-image\" data-id=\"e8104d4\" data-element_type=\"widget\" data-e-type=\"widget\" data-widget_type=\"image.default\">\n\t\t\t\t<div class=\"elementor-widget-container\">\n\t\t\t\t\t\t\t\t\t\t\t\t\t\t\t<img decoding=\"async\" src=\"https:\/\/motorcentralen.se\/scania\/wp-content\/uploads\/sites\/3\/2018\/10\/1849340.jpg\" title=\"\" alt=\"\" loading=\"lazy\" \/>\t\t\t\t\t\t\t\t\t\t\t\t\t\t\t<\/div>\n\t\t\t\t<\/div>\n\t\t\t\t<div class=\"elementor-element elementor-element-97d1bfb elementor-widget elementor-widget-heading\" data-id=\"97d1bfb\" data-element_type=\"widget\" data-e-type=\"widget\" data-widget_type=\"heading.default\">\n\t\t\t\t<div class=\"elementor-widget-container\">\n\t\t\t\t\t<h3 class=\"elementor-heading-title elementor-size-default\">Torkarbladsats<\/h3>\t\t\t\t<\/div>\n\t\t\t\t<\/div>\n\t\t<div class=\"elementor-element elementor-element-f1fe5f7 e-flex e-con-boxed e-con e-child\" data-id=\"f1fe5f7\" data-element_type=\"container\" data-e-type=\"container\">\n\t\t\t\t\t<div class=\"e-con-inner\">\n\t\t\t\t<div class=\"elementor-element elementor-element-78d940a elementor-widget elementor-widget-jet-listing-dynamic-field\" data-id=\"78d940a\" data-element_type=\"widget\" data-e-type=\"widget\" data-widget_type=\"jet-listing-dynamic-field.default\">\n\t\t\t\t<div class=\"elementor-widget-container\">\n\t\t\t\t\t<div class=\"jet-listing jet-listing-dynamic-field display-inline\"><div class=\"jet-listing-dynamic-field__inline-wrap\"><div class=\"jet-listing-dynamic-field__content\" >538 kr<\/div><\/div><\/div>\t\t\t\t<\/div>\n\t\t\t\t<\/div>\n\t\t\t\t\t<\/div>\n\t\t\t\t<\/div>\n\t\t\t\t\t<\/div>\n\t\t\t\t<\/div>\n\t\t\t\t<\/div>\n\t\t<a href=\"https:\/\/motorcentralen.se\/scania\/tillbeh\u00f6r\/torkarbladsats\/\" class=\"jet-engine-listing-overlay-link\"><\/a><\/div><\/div><div class=\"jet-listing-grid__item jet-listing-dynamic-post-269\" data-post-id=\"269\"  ><div class=\"jet-engine-listing-overlay-wrap\" data-url=\"https:\/\/motorcentralen.se\/scania\/tillbeh\u00f6r\/arbetslampaabl-500-led\/\">\t\t<div data-elementor-type=\"jet-listing-items\" data-elementor-id=\"15239\" class=\"elementor elementor-15239\" data-elementor-post-type=\"jet-engine\">\n\t\t\t\t<div class=\"elementor-element elementor-element-bf333ce tillbehor e-flex e-con-boxed e-con e-parent\" data-id=\"bf333ce\" data-element_type=\"container\" data-e-type=\"container\">\n\t\t\t\t\t<div class=\"e-con-inner\">\n\t\t\t\t<div class=\"elementor-element elementor-element-e8104d4 elementor-widget elementor-widget-image\" data-id=\"e8104d4\" data-element_type=\"widget\" data-e-type=\"widget\" data-widget_type=\"image.default\">\n\t\t\t\t<div class=\"elementor-widget-container\">\n\t\t\t\t\t\t\t\t\t\t\t\t\t\t\t<img decoding=\"async\" src=\"https:\/\/motorcentralen.se\/scania\/wp-content\/uploads\/sites\/3\/2018\/08\/a380_productimage_mainfront.jpg\" title=\"\" alt=\"\" loading=\"lazy\" \/>\t\t\t\t\t\t\t\t\t\t\t\t\t\t\t<\/div>\n\t\t\t\t<\/div>\n\t\t\t\t<div class=\"elementor-element elementor-element-97d1bfb elementor-widget elementor-widget-heading\" data-id=\"97d1bfb\" data-element_type=\"widget\" data-e-type=\"widget\" data-widget_type=\"heading.default\">\n\t\t\t\t<div class=\"elementor-widget-container\">\n\t\t\t\t\t<h3 class=\"elementor-heading-title elementor-size-default\">Arbetslampa ABL 500 LED Compact Bred<\/h3>\t\t\t\t<\/div>\n\t\t\t\t<\/div>\n\t\t<div class=\"elementor-element elementor-element-f1fe5f7 e-flex e-con-boxed e-con e-child\" data-id=\"f1fe5f7\" data-element_type=\"container\" data-e-type=\"container\">\n\t\t\t\t\t<div class=\"e-con-inner\">\n\t\t\t\t<div class=\"elementor-element elementor-element-78d940a elementor-widget elementor-widget-jet-listing-dynamic-field\" data-id=\"78d940a\" data-element_type=\"widget\" data-e-type=\"widget\" data-widget_type=\"jet-listing-dynamic-field.default\">\n\t\t\t\t<div class=\"elementor-widget-container\">\n\t\t\t\t\t<div class=\"jet-listing jet-listing-dynamic-field display-inline\"><div class=\"jet-listing-dynamic-field__inline-wrap\"><div class=\"jet-listing-dynamic-field__content\" >695 kr<\/div><\/div><\/div>\t\t\t\t<\/div>\n\t\t\t\t<\/div>\n\t\t\t\t\t<\/div>\n\t\t\t\t<\/div>\n\t\t\t\t\t<\/div>\n\t\t\t\t<\/div>\n\t\t\t\t<\/div>\n\t\t<a href=\"https:\/\/motorcentralen.se\/scania\/tillbeh\u00f6r\/arbetslampaabl-500-led\/\" class=\"jet-engine-listing-overlay-link\"><\/a><\/div><\/div><\/div><\/div>\t\t\t\t<\/div>\n\t\t\t\t<\/div>\n\t\t\t\t<\/div>\n\t\t\t\t\t<\/div>\n\t\t\t\t<\/div>\n\t\t\t\t\t<\/div>\n\t\t\t\t<\/div>\n\t\t\t\t<\/div>\n\t\t","protected":false},"excerpt":{"rendered":"<p>Tillbeh\u00f6r och reservdelar 119 kr 538 kr 695 kr<\/p>\n","protected":false},"author":1,"featured_media":0,"parent":0,"menu_order":0,"comment_status":"closed","ping_status":"closed","template":"","meta":{"_acf_changed":false,"site-sidebar-layout":"no-sidebar","site-content-layout":"","ast-site-content-layout":"full-width-container","site-content-style":"default","site-sidebar-style":"default","ast-global-header-display":"","ast-banner-title-visibility":"","ast-main-header-display":"","ast-hfb-above-header-display":"","ast-hfb-below-header-display":"","ast-hfb-mobile-header-display":"","site-post-title":"disabled","ast-breadcrumbs-content":"","ast-featured-img":"disabled","footer-sml-layout":"","ast-disable-related-posts":"","theme-transparent-header-meta":"default","adv-header-id-meta":"","stick-header-meta":"","header-above-stick-meta":"","header-main-stick-meta":"","header-below-stick-meta":"","astra-migrate-meta-layouts":"set","ast-page-background-enabled":"default","ast-page-background-meta":{"desktop":{"background-color":"var(--ast-global-color-4)","background-image":"","background-repeat":"repeat","background-position":"center center","background-size":"auto","background-attachment":"scroll","background-type":"","background-media":"","overlay-type":"","overlay-color":"","overlay-opacity":"","overlay-gradient":""},"tablet":{"background-color":"","background-image":"","background-repeat":"repeat","background-position":"center center","background-size":"auto","background-attachment":"scroll","background-type":"","background-media":"","overlay-type":"","overlay-color":"","overlay-opacity":"","overlay-gradient":""},"mobile":{"background-color":"","background-image":"","background-repeat":"repeat","background-position":"center center","background-size":"auto","background-attachment":"scroll","background-type":"","background-media":"","overlay-type":"","overlay-color":"","overlay-opacity":"","overlay-gradient":""}},"ast-content-background-meta":{"desktop":{"background-color":"var(--ast-global-color-5)","background-image":"","background-repeat":"repeat","background-position":"center center","background-size":"auto","background-attachment":"scroll","background-type":"","background-media":"","overlay-type":"","overlay-color":"","overlay-opacity":"","overlay-gradient":""},"tablet":{"background-color":"var(--ast-global-color-5)","background-image":"","background-repeat":"repeat","background-position":"center center","background-size":"auto","background-attachment":"scroll","background-type":"","background-media":"","overlay-type":"","overlay-color":"","overlay-opacity":"","overlay-gradient":""},"mobile":{"background-color":"var(--ast-global-color-5)","background-image":"","background-repeat":"repeat","background-position":"center center","background-size":"auto","background-attachment":"scroll","background-type":"","background-media":"","overlay-type":"","overlay-color":"","overlay-opacity":"","overlay-gradient":""}},"footnotes":""},"class_list":["post-608","page","type-page","status-publish","hentry"],"acf":[],"yoast_head":"<!-- This site is optimized with the Yoast SEO plugin v27.4 - https:\/\/yoast.com\/product\/yoast-seo-wordpress\/ -->\n<title>Tillbeh\u00f6r och reservdelar - Motorcentralen Ume\u00e5 Scania<\/title>\n<meta name=\"robots\" content=\"index, follow, max-snippet:-1, max-image-preview:large, max-video-preview:-1\" \/>\n<link rel=\"canonical\" href=\"https:\/\/motorcentralen.se\/scania\/tillbehor-och-reservdelar\/\" \/>\n<meta property=\"og:locale\" content=\"sv_SE\" \/>\n<meta property=\"og:type\" content=\"article\" \/>\n<meta property=\"og:title\" content=\"Tillbeh\u00f6r och reservdelar - Motorcentralen Ume\u00e5 Scania\" \/>\n<meta property=\"og:description\" content=\"Tillbeh\u00f6r och reservdelar 119 kr 538 kr 695 kr\" \/>\n<meta property=\"og:url\" content=\"https:\/\/motorcentralen.se\/scania\/tillbehor-och-reservdelar\/\" \/>\n<meta property=\"og:site_name\" content=\"Motorcentralen Ume\u00e5 Scania\" \/>\n<meta property=\"article:modified_time\" content=\"2025-09-22T13:10:57+00:00\" \/>\n<meta name=\"twitter:card\" content=\"summary_large_image\" \/>\n<meta name=\"twitter:label1\" content=\"Ber\u00e4knad l\u00e4stid\" \/>\n\t<meta name=\"twitter:data1\" content=\"2 minuter\" \/>\n<script type=\"application\/ld+json\" class=\"yoast-schema-graph\">{\"@context\":\"https:\\\/\\\/schema.org\",\"@graph\":[{\"@type\":\"WebPage\",\"@id\":\"https:\\\/\\\/motorcentralen.se\\\/scania\\\/tillbehor-och-reservdelar\\\/\",\"url\":\"https:\\\/\\\/motorcentralen.se\\\/scania\\\/tillbehor-och-reservdelar\\\/\",\"name\":\"Tillbeh\u00f6r och reservdelar - Motorcentralen Ume\u00e5 Scania\",\"isPartOf\":{\"@id\":\"https:\\\/\\\/motorcentralen.se\\\/scania\\\/#website\"},\"datePublished\":\"2018-10-03T07:31:12+00:00\",\"dateModified\":\"2025-09-22T13:10:57+00:00\",\"breadcrumb\":{\"@id\":\"https:\\\/\\\/motorcentralen.se\\\/scania\\\/tillbehor-och-reservdelar\\\/#breadcrumb\"},\"inLanguage\":\"sv-SE\",\"potentialAction\":[{\"@type\":\"ReadAction\",\"target\":[\"https:\\\/\\\/motorcentralen.se\\\/scania\\\/tillbehor-och-reservdelar\\\/\"]}]},{\"@type\":\"BreadcrumbList\",\"@id\":\"https:\\\/\\\/motorcentralen.se\\\/scania\\\/tillbehor-och-reservdelar\\\/#breadcrumb\",\"itemListElement\":[{\"@type\":\"ListItem\",\"position\":1,\"name\":\"Home\",\"item\":\"https:\\\/\\\/motorcentralen.se\\\/scania\\\/\"},{\"@type\":\"ListItem\",\"position\":2,\"name\":\"Tillbeh\u00f6r och reservdelar\"}]},{\"@type\":\"WebSite\",\"@id\":\"https:\\\/\\\/motorcentralen.se\\\/scania\\\/#website\",\"url\":\"https:\\\/\\\/motorcentralen.se\\\/scania\\\/\",\"name\":\"Motorcentralen Ume\u00e5 Scania\",\"description\":\"Motorcentralen Ume\u00e5 Scania\",\"publisher\":{\"@id\":\"https:\\\/\\\/motorcentralen.se\\\/scania\\\/#organization\"},\"potentialAction\":[{\"@type\":\"SearchAction\",\"target\":{\"@type\":\"EntryPoint\",\"urlTemplate\":\"https:\\\/\\\/motorcentralen.se\\\/scania\\\/?s={search_term_string}\"},\"query-input\":{\"@type\":\"PropertyValueSpecification\",\"valueRequired\":true,\"valueName\":\"search_term_string\"}}],\"inLanguage\":\"sv-SE\"},{\"@type\":\"Organization\",\"@id\":\"https:\\\/\\\/motorcentralen.se\\\/scania\\\/#organization\",\"name\":\"Motorcentralen Ume\u00e5 Scania\",\"url\":\"https:\\\/\\\/motorcentralen.se\\\/scania\\\/\",\"logo\":{\"@type\":\"ImageObject\",\"inLanguage\":\"sv-SE\",\"@id\":\"https:\\\/\\\/motorcentralen.se\\\/scania\\\/#\\\/schema\\\/logo\\\/image\\\/\",\"url\":\"https:\\\/\\\/motorcentralen.se\\\/scania\\\/wp-content\\\/uploads\\\/sites\\\/3\\\/2024\\\/10\\\/Motorcentralen_Lastbilar_LOGO_white_rgb.svg\",\"contentUrl\":\"https:\\\/\\\/motorcentralen.se\\\/scania\\\/wp-content\\\/uploads\\\/sites\\\/3\\\/2024\\\/10\\\/Motorcentralen_Lastbilar_LOGO_white_rgb.svg\",\"width\":1165,\"height\":166,\"caption\":\"Motorcentralen Ume\u00e5 Scania\"},\"image\":{\"@id\":\"https:\\\/\\\/motorcentralen.se\\\/scania\\\/#\\\/schema\\\/logo\\\/image\\\/\"}}]}<\/script>\n<!-- \/ Yoast SEO plugin. -->","yoast_head_json":{"title":"Tillbeh\u00f6r och reservdelar - Motorcentralen Ume\u00e5 Scania","robots":{"index":"index","follow":"follow","max-snippet":"max-snippet:-1","max-image-preview":"max-image-preview:large","max-video-preview":"max-video-preview:-1"},"canonical":"https:\/\/motorcentralen.se\/scania\/tillbehor-och-reservdelar\/","og_locale":"sv_SE","og_type":"article","og_title":"Tillbeh\u00f6r och reservdelar - Motorcentralen Ume\u00e5 Scania","og_description":"Tillbeh\u00f6r och reservdelar 119 kr 538 kr 695 kr","og_url":"https:\/\/motorcentralen.se\/scania\/tillbehor-och-reservdelar\/","og_site_name":"Motorcentralen Ume\u00e5 Scania","article_modified_time":"2025-09-22T13:10:57+00:00","twitter_card":"summary_large_image","twitter_misc":{"Ber\u00e4knad l\u00e4stid":"2 minuter"},"schema":{"@context":"https:\/\/schema.org","@graph":[{"@type":"WebPage","@id":"https:\/\/motorcentralen.se\/scania\/tillbehor-och-reservdelar\/","url":"https:\/\/motorcentralen.se\/scania\/tillbehor-och-reservdelar\/","name":"Tillbeh\u00f6r och reservdelar - Motorcentralen Ume\u00e5 Scania","isPartOf":{"@id":"https:\/\/motorcentralen.se\/scania\/#website"},"datePublished":"2018-10-03T07:31:12+00:00","dateModified":"2025-09-22T13:10:57+00:00","breadcrumb":{"@id":"https:\/\/motorcentralen.se\/scania\/tillbehor-och-reservdelar\/#breadcrumb"},"inLanguage":"sv-SE","potentialAction":[{"@type":"ReadAction","target":["https:\/\/motorcentralen.se\/scania\/tillbehor-och-reservdelar\/"]}]},{"@type":"BreadcrumbList","@id":"https:\/\/motorcentralen.se\/scania\/tillbehor-och-reservdelar\/#breadcrumb","itemListElement":[{"@type":"ListItem","position":1,"name":"Home","item":"https:\/\/motorcentralen.se\/scania\/"},{"@type":"ListItem","position":2,"name":"Tillbeh\u00f6r och reservdelar"}]},{"@type":"WebSite","@id":"https:\/\/motorcentralen.se\/scania\/#website","url":"https:\/\/motorcentralen.se\/scania\/","name":"Motorcentralen Ume\u00e5 Scania","description":"Motorcentralen Ume\u00e5 Scania","publisher":{"@id":"https:\/\/motorcentralen.se\/scania\/#organization"},"potentialAction":[{"@type":"SearchAction","target":{"@type":"EntryPoint","urlTemplate":"https:\/\/motorcentralen.se\/scania\/?s={search_term_string}"},"query-input":{"@type":"PropertyValueSpecification","valueRequired":true,"valueName":"search_term_string"}}],"inLanguage":"sv-SE"},{"@type":"Organization","@id":"https:\/\/motorcentralen.se\/scania\/#organization","name":"Motorcentralen Ume\u00e5 Scania","url":"https:\/\/motorcentralen.se\/scania\/","logo":{"@type":"ImageObject","inLanguage":"sv-SE","@id":"https:\/\/motorcentralen.se\/scania\/#\/schema\/logo\/image\/","url":"https:\/\/motorcentralen.se\/scania\/wp-content\/uploads\/sites\/3\/2024\/10\/Motorcentralen_Lastbilar_LOGO_white_rgb.svg","contentUrl":"https:\/\/motorcentralen.se\/scania\/wp-content\/uploads\/sites\/3\/2024\/10\/Motorcentralen_Lastbilar_LOGO_white_rgb.svg","width":1165,"height":166,"caption":"Motorcentralen Ume\u00e5 Scania"},"image":{"@id":"https:\/\/motorcentralen.se\/scania\/#\/schema\/logo\/image\/"}}]}},"_links":{"self":[{"href":"https:\/\/motorcentralen.se\/scania\/wp-json\/wp\/v2\/pages\/608","targetHints":{"allow":["GET"]}}],"collection":[{"href":"https:\/\/motorcentralen.se\/scania\/wp-json\/wp\/v2\/pages"}],"about":[{"href":"https:\/\/motorcentralen.se\/scania\/wp-json\/wp\/v2\/types\/page"}],"author":[{"embeddable":true,"href":"https:\/\/motorcentralen.se\/scania\/wp-json\/wp\/v2\/users\/1"}],"replies":[{"embeddable":true,"href":"https:\/\/motorcentralen.se\/scania\/wp-json\/wp\/v2\/comments?post=608"}],"version-history":[{"count":18,"href":"https:\/\/motorcentralen.se\/scania\/wp-json\/wp\/v2\/pages\/608\/revisions"}],"predecessor-version":[{"id":18495,"href":"https:\/\/motorcentralen.se\/scania\/wp-json\/wp\/v2\/pages\/608\/revisions\/18495"}],"wp:attachment":[{"href":"https:\/\/motorcentralen.se\/scania\/wp-json\/wp\/v2\/media?parent=608"}],"curies":[{"name":"wp","href":"https:\/\/api.w.org\/{rel}","templated":true}]}}